{"id":2758,"date":"2023-03-14T16:47:24","date_gmt":"2023-03-14T13:47:24","guid":{"rendered":"http:\/\/elazigtso.com\/tr\/?page_id=2758"},"modified":"2023-03-14T17:21:13","modified_gmt":"2023-03-14T14:21:13","slug":"sanayi-birimi-2","status":"publish","type":"page","link":"http:\/\/elazigtso.com\/tr\/index.php\/sanayi-birimi-2\/","title":{"rendered":"Sanayi Birimi"},"content":{"rendered":"\n<div class=\"wp-block-media-text alignwide is-stacked-on-mobile\"><figure class=\"wp-block-media-text__media\"><img loading=\"lazy\" decoding=\"async\" width=\"713\" height=\"440\" src=\"http:\/\/elazigtso.com\/tr\/wp-content\/uploads\/2023\/03\/sanayi.jpg\" alt=\"\" class=\"wp-image-2764 size-full\" srcset=\"http:\/\/elazigtso.com\/tr\/wp-content\/uploads\/2023\/03\/sanayi.jpg 713w, http:\/\/elazigtso.com\/tr\/wp-content\/uploads\/2023\/03\/sanayi-300x185.jpg 300w\" sizes=\"auto, (max-width: 713px) 100vw, 713px\" \/><\/figure><div class=\"wp-block-media-text__content\">\n<p><\/p>\n\n\n\n<h2 class=\"wp-block-heading\"><a href=\"\/tr\/index.php\/elazig-sanayisinin-tarihcesi-ve-kronolojisi\/\">Elaz\u0131\u011f Sanayisinin Tarih\u00e7esi ve Kronolojisi<\/a><\/h2>\n\n\n\n<p><\/p>\n<\/div><\/div>\n\n\n\n<br><br>\n\n\n\n<div class=\"wp-block-media-text alignwide has-media-on-the-right is-stacked-on-mobile\"><div class=\"wp-block-media-text__content\">\n<p><\/p>\n\n\n\n<h2 class=\"wp-block-heading\"><strong><a href=\"\/tr\/index.php\/elazig-sanayi-yapisi\/\">\u0130l Sanayi Yap\u0131s\u0131<\/a><\/strong><\/h2>\n<\/div><figure class=\"wp-block-media-text__media\"><img loading=\"lazy\" decoding=\"async\" width=\"713\" height=\"440\" src=\"http:\/\/elazigtso.com\/tr\/wp-content\/uploads\/2023\/03\/endustri.jpg\" alt=\"\" class=\"wp-image-2766 size-full\" srcset=\"http:\/\/elazigtso.com\/tr\/wp-content\/uploads\/2023\/03\/endustri.jpg 713w, http:\/\/elazigtso.com\/tr\/wp-content\/uploads\/2023\/03\/endustri-300x185.jpg 300w\" sizes=\"auto, (max-width: 713px) 100vw, 713px\" \/><\/figure><\/div>\n\n\n\n<div class=\"wp-block-media-text alignwide is-stacked-on-mobile\"><figure class=\"wp-block-media-text__media\"><img loading=\"lazy\" decoding=\"async\" width=\"713\" height=\"440\" src=\"http:\/\/elazigtso.com\/tr\/wp-content\/uploads\/2023\/03\/sektorel.jpg\" alt=\"\" class=\"wp-image-2771 size-full\" srcset=\"http:\/\/elazigtso.com\/tr\/wp-content\/uploads\/2023\/03\/sektorel.jpg 713w, http:\/\/elazigtso.com\/tr\/wp-content\/uploads\/2023\/03\/sektorel-300x185.jpg 300w\" sizes=\"auto, (max-width: 713px) 100vw, 713px\" \/><\/figure><div class=\"wp-block-media-text__content\">\n<p><\/p>\n\n\n\n<h2 class=\"wp-block-heading\"><a href=\"\/tr\/index.php\/elazig-il-sektorel-yapisi\/\">Elaz\u0131\u011f \u0130l Sekt\u00f6rel Yap\u0131s\u0131<\/a><\/h2>\n<\/div><\/div>\n\n\n\n<div class=\"wp-block-media-text alignwide has-media-on-the-right is-stacked-on-mobile\"><div class=\"wp-block-media-text__content\">\n<p><\/p>\n\n\n\n<h2 class=\"wp-block-heading\"><a href=\"\/tr\/index.php\/elazig-sanayi-envanteri\/\">Elaz\u0131\u011f Sanayi Envanteri<\/a><\/h2>\n<\/div><figure class=\"wp-block-media-text__media\"><img loading=\"lazy\" decoding=\"async\" width=\"713\" height=\"440\" src=\"http:\/\/elazigtso.com\/tr\/wp-content\/uploads\/2023\/03\/envanter.jpg\" alt=\"\" class=\"wp-image-2772 size-full\" srcset=\"http:\/\/elazigtso.com\/tr\/wp-content\/uploads\/2023\/03\/envanter.jpg 713w, http:\/\/elazigtso.com\/tr\/wp-content\/uploads\/2023\/03\/envanter-300x185.jpg 300w\" sizes=\"auto, (max-width: 713px) 100vw, 713px\" \/><\/figure><\/div>\n\n\n\n<div class=\"wp-block-media-text alignwide is-stacked-on-mobile\"><figure class=\"wp-block-media-text__media\"><img loading=\"lazy\" decoding=\"async\" width=\"713\" height=\"440\" src=\"http:\/\/elazigtso.com\/tr\/wp-content\/uploads\/2023\/03\/kapasite.jpg\" alt=\"\" class=\"wp-image-2775 size-full\" srcset=\"http:\/\/elazigtso.com\/tr\/wp-content\/uploads\/2023\/03\/kapasite.jpg 713w, http:\/\/elazigtso.com\/tr\/wp-content\/uploads\/2023\/03\/kapasite-300x185.jpg 300w\" sizes=\"auto, (max-width: 713px) 100vw, 713px\" \/><\/figure><div class=\"wp-block-media-text__content\">\n<p><\/p>\n\n\n\n<h2 class=\"wp-block-heading\"><a href=\"\/tr\/index.php\/kapasite-raporu-hakkinda\/\">Kapasite Raporu Hakk\u0131nda<\/a><\/h2>\n<\/div><\/div>\n\n\n\n<div class=\"wp-block-media-text alignwide has-media-on-the-right is-stacked-on-mobile\"><div class=\"wp-block-media-text__content\">\n<p><\/p>\n\n\n\n<h2 class=\"wp-block-heading\"><a href=\"http:\/\/elazigtso.com\/tr\/index.php\/turk-mali-belgesi-hakkinda\/\">T\u00fcrk Mal\u0131 Belgesi Hakk\u0131nda<\/a><\/h2>\n<\/div><figure class=\"wp-block-media-text__media\"><img loading=\"lazy\" decoding=\"async\" width=\"713\" height=\"440\" src=\"http:\/\/elazigtso.com\/tr\/wp-content\/uploads\/2023\/03\/yerlimali.jpg\" alt=\"\" class=\"wp-image-2778 size-full\" srcset=\"http:\/\/elazigtso.com\/tr\/wp-content\/uploads\/2023\/03\/yerlimali.jpg 713w, http:\/\/elazigtso.com\/tr\/wp-content\/uploads\/2023\/03\/yerlimali-300x185.jpg 300w\" sizes=\"auto, (max-width: 713px) 100vw, 713px\" \/><\/figure><\/div>\n\n\n\n<div class=\"wp-block-media-text alignwide is-stacked-on-mobile\"><figure class=\"wp-block-media-text__media\"><img loading=\"lazy\" decoding=\"async\" width=\"713\" height=\"440\" src=\"http:\/\/elazigtso.com\/tr\/wp-content\/uploads\/2023\/03\/ekspertiz.jpg\" alt=\"\" class=\"wp-image-2781 size-full\" srcset=\"http:\/\/elazigtso.com\/tr\/wp-content\/uploads\/2023\/03\/ekspertiz.jpg 713w, http:\/\/elazigtso.com\/tr\/wp-content\/uploads\/2023\/03\/ekspertiz-300x185.jpg 300w\" sizes=\"auto, (max-width: 713px) 100vw, 713px\" \/><\/figure><div class=\"wp-block-media-text__content\">\n<p><\/p>\n\n\n\n<h2 class=\"wp-block-heading\"><a href=\"\/tr\/index.php\/ekspertiz-raporu-hakkinda\/\">Ekspertiz Raporu Hakk\u0131nda<\/a><\/h2>\n<\/div><\/div>\n\n\n\n<div class=\"wp-block-media-text alignwide has-media-on-the-right is-stacked-on-mobile\"><div class=\"wp-block-media-text__content\">\n<p><\/p>\n\n\n\n<h2 class=\"wp-block-heading\"><a href=\"\/tr\/index.php\/imalat-yeterlilik-belgesi\/\">\u0130malat Yeterlilik Belgesi Hakk\u0131nda<\/a><\/h2>\n<\/div><figure class=\"wp-block-media-text__media\"><img loading=\"lazy\" decoding=\"async\" width=\"713\" height=\"440\" src=\"http:\/\/elazigtso.com\/tr\/wp-content\/uploads\/2023\/03\/imalat.jpg\" alt=\"\" class=\"wp-image-2803 size-full\" srcset=\"http:\/\/elazigtso.com\/tr\/wp-content\/uploads\/2023\/03\/imalat.jpg 713w, http:\/\/elazigtso.com\/tr\/wp-content\/uploads\/2023\/03\/imalat-300x185.jpg 300w\" sizes=\"auto, (max-width: 713px) 100vw, 713px\" \/><\/figure><\/div>\n\n\n\n<div class=\"wp-block-media-text alignwide is-stacked-on-mobile\"><figure class=\"wp-block-media-text__media\"><img loading=\"lazy\" decoding=\"async\" width=\"713\" height=\"440\" src=\"http:\/\/elazigtso.com\/tr\/wp-content\/uploads\/2023\/03\/turkmali.jpg\" alt=\"\" class=\"wp-image-2805 size-full\" srcset=\"http:\/\/elazigtso.com\/tr\/wp-content\/uploads\/2023\/03\/turkmali.jpg 713w, http:\/\/elazigtso.com\/tr\/wp-content\/uploads\/2023\/03\/turkmali-300x185.jpg 300w\" sizes=\"auto, (max-width: 713px) 100vw, 713px\" \/><\/figure><div class=\"wp-block-media-text__content\">\n<p><\/p>\n\n\n\n<h2 class=\"wp-block-heading\"><a href=\"\/tr\/index.php\/yerli-mali-belgesi-hakkinda\/\">Yerli Mal\u0131 Belgesi<\/a><\/h2>\n<\/div><\/div>\n\n\n\n<div class=\"wp-block-media-text alignwide has-media-on-the-right is-stacked-on-mobile\"><div class=\"wp-block-media-text__content\">\n<p><\/p>\n\n\n\n<h2 class=\"wp-block-heading\"><a href=\"\/tr\/index.php\/aktif-kapasite-raporu-bulunan-imalatci-listesi\/\">Aktif Kapasite Raporu Bulunan \u0130malat\u00e7\u0131 Listesi<\/a><\/h2>\n<\/div><figure class=\"wp-block-media-text__media\"><img loading=\"lazy\" decoding=\"async\" width=\"713\" height=\"440\" src=\"http:\/\/elazigtso.com\/tr\/wp-content\/uploads\/2023\/03\/kpapap.jpg\" alt=\"\" class=\"wp-image-2807 size-full\" srcset=\"http:\/\/elazigtso.com\/tr\/wp-content\/uploads\/2023\/03\/kpapap.jpg 713w, http:\/\/elazigtso.com\/tr\/wp-content\/uploads\/2023\/03\/kpapap-300x185.jpg 300w\" sizes=\"auto, (max-width: 713px) 100vw, 713px\" \/><\/figure><\/div>\n","protected":false},"excerpt":{"rendered":"<p>Elaz\u0131\u011f Sanayisinin Tarih\u00e7esi ve Kronolojisi \u0130l Sanayi Yap\u0131s\u0131 Elaz\u0131\u011f \u0130l Sekt\u00f6rel Yap\u0131s\u0131 Elaz\u0131\u011f Sanayi Envanteri Kapasite Raporu Hakk\u0131nda T\u00fcrk Mal\u0131 Belgesi Hakk\u0131nda Ekspertiz Raporu Hakk\u0131nda \u0130malat Yeterlilik Belgesi Hakk\u0131nda Yerli Mal\u0131 Belgesi Aktif Kapasite Raporu Bulunan \u0130malat\u00e7\u0131 Listesi<\/p>\n","protected":false},"author":3,"featured_media":0,"parent":0,"menu_order":0,"comment_status":"closed","ping_status":"closed","template":"","meta":{"footnotes":""},"class_list":["post-2758","page","type-page","status-publish","hentry"],"_links":{"self":[{"href":"http:\/\/elazigtso.com\/tr\/index.php\/wp-json\/wp\/v2\/pages\/2758","targetHints":{"allow":["GET"]}}],"collection":[{"href":"http:\/\/elazigtso.com\/tr\/index.php\/wp-json\/wp\/v2\/pages"}],"about":[{"href":"http:\/\/elazigtso.com\/tr\/index.php\/wp-json\/wp\/v2\/types\/page"}],"author":[{"embeddable":true,"href":"http:\/\/elazigtso.com\/tr\/index.php\/wp-json\/wp\/v2\/users\/3"}],"replies":[{"embeddable":true,"href":"http:\/\/elazigtso.com\/tr\/index.php\/wp-json\/wp\/v2\/comments?post=2758"}],"version-history":[{"count":7,"href":"http:\/\/elazigtso.com\/tr\/index.php\/wp-json\/wp\/v2\/pages\/2758\/revisions"}],"predecessor-version":[{"id":2808,"href":"http:\/\/elazigtso.com\/tr\/index.php\/wp-json\/wp\/v2\/pages\/2758\/revisions\/2808"}],"wp:attachment":[{"href":"http:\/\/elazigtso.com\/tr\/index.php\/wp-json\/wp\/v2\/media?parent=2758"}],"curies":[{"name":"wp","href":"https:\/\/api.w.org\/{rel}","templated":true}]}}