{"id":3054,"date":"2023-03-15T13:04:00","date_gmt":"2023-03-15T10:04:00","guid":{"rendered":"http:\/\/elazigtso.com\/tr\/?page_id=3054"},"modified":"2023-09-20T16:11:32","modified_gmt":"2023-09-20T13:11:32","slug":"k-yetki-belgeleri","status":"publish","type":"page","link":"http:\/\/elazigtso.com\/tr\/index.php\/k-yetki-belgeleri\/","title":{"rendered":"K Yetki Belgeleri"},"content":{"rendered":"\t\t<div data-elementor-type=\"wp-page\" data-elementor-id=\"3054\" class=\"elementor elementor-3054\">\n\t\t\t\t\t\t\t\t\t<section class=\"elementor-section elementor-top-section elementor-element elementor-element-7f3206b elementor-section-full_width elementor-section-height-default elementor-section-height-default\" data-id=\"7f3206b\" data-element_type=\"section\">\n\t\t\t\t\t\t<div class=\"elementor-container elementor-column-gap-default\">\n\t\t\t\t\t<div class=\"elementor-column elementor-col-100 elementor-top-column elementor-element elementor-element-2469625\" data-id=\"2469625\" data-element_type=\"column\">\n\t\t\t<div class=\"elementor-widget-wrap elementor-element-populated\">\n\t\t\t\t\t\t\t\t<div class=\"elementor-element elementor-element-8a74b77 elementor-widget elementor-widget-finbank_career_details\" data-id=\"8a74b77\" data-element_type=\"widget\" data-widget_type=\"finbank_career_details.default\">\n\t\t\t\t<div class=\"elementor-widget-container\">\n\t\t\t\t\n    <!--Start Career Details Area-->\n    <section class=\"career-details-area\">\n        <div class=\"container\">\n            <div class=\"row\">\n\n                <div class=\"col-xl-8 col-md-12 col-sm-12 \">\n                    <div class=\"career-details-content\">\n                                                <div class=\"job-title-box\">\n                            <div class=\"left\">\n                                <h4>Elaz\u0131\u011f Ticaret ve Sanayi Odas\u0131<\/h4>\n                                <h3>K Yetki Belgeleri<\/h3>\n                                                            <\/div>\n                            <div class=\"right\">\n                                                                                            <\/div>\n                        <\/div>\n\t\t\t\t\t\t                                                <div class=\"job-description-content\">\n                                                        <b>K YETK\u0130 BELGELER\u0130<\/b>\n<br><br>\n08.01.2018 tarih ve 30295 say\u0131l\u0131 Resmi Gazetede yay\u0131nlanan 4925 say\u0131l\u0131 Karayolu Ta\u015f\u0131ma Kanunu ve; Karayolu Ta\u015f\u0131ma Y\u00f6netmeli\u011fi ile Karayolu ile Ta\u015f\u0131mac\u0131l\u0131k faaliyetleri i\u00e7in standartlar belirlenmi\u015ftir.\n<br><br>\nS\u00f6zkonusu Kanun ve Y\u00f6netmelik h\u00fck\u00fcmlerine g\u00f6re, K Yetki Belgeleri Karayolu ile y\u00fck ve e\u015fya ta\u015f\u0131mac\u0131l\u0131\u011f\u0131 faaliyetlerinde bulunan ger\u00e7ek \/ t\u00fczel ki\u015filerin almak zorunda olduklar\u0131 yetki belgeleridir.\n<br><br>\n<b>K Yetki Belgesi T\u00fcrleri<\/b>\n<br><br>\n<b>K 1 Yetki Belgesi : Ticari ama\u00e7la e\u015fya ta\u015f\u0131mac\u0131l\u0131\u011f\u0131 yapacaklara<\/b>\n<br>\nGer\u00e7ek ki\u015filikler ad\u0131na olan K1 yetki belgeleri i\u00e7in \u00e7ekici cinsi ta\u015f\u0131tlar\u0131n katar a\u011f\u0131rl\u0131klar\u0131 ile kamyon ve kamyonet cinsi ta\u015f\u0131tlar\u0131n azami y\u00fckl\u00fc a\u011f\u0131rl\u0131klar\u0131 toplam\u0131n\u0131n 25 tondan az olmamas\u0131, T\u00fczel ki\u015filikler ad\u0131na olan K1 yetki belgeleri i\u00e7in  \u00e7ekici cinsi ta\u015f\u0131tlar\u0131n katar a\u011f\u0131rl\u0131klar\u0131 ile kamyon ve kamyonet cinsi ta\u015f\u0131tlar\u0131n azami y\u00fckl\u00fc a\u011f\u0131rl\u0131klar\u0131 toplam\u0131n\u0131n 50 tondan az olmamas\u0131 gerekmektedir.\n<br>\n<b>K 1* Yetki Belgesi : Y\u00fckl\u00fc a\u011f\u0131rl\u0131\u011f\u0131 3,5 tondan d\u00fc\u015f\u00fck ara\u00e7larla (kamyonet vb) Ticari ama\u00e7la e\u015fya ta\u015f\u0131mac\u0131l\u0131\u011f\u0131 yapacaklara<\/b>\n<br>\n<b>K 2 Yetki Belgesi : Hususi ta\u015f\u0131mac\u0131l\u0131k yapacaklara,<\/b>\n<br>\n<b>K2* Yetki Belgesi : Y\u00fckl\u00fc a\u011f\u0131rl\u0131\u011f\u0131 3,5 tondan d\u00fc\u015f\u00fck ara\u00e7larlar (kamyonet vb) Hususi ta\u015f\u0131mac\u0131l\u0131k yapacaklara,<\/b>\n<br>\n<b>K 3 Yetki Belgesi : Ticari ama\u00e7la ta\u015f\u0131nma e\u015fyas\u0131 ta\u015f\u0131mac\u0131l\u0131\u011f\u0131 yapacaklara<\/b>\n<br>\nK3 yetki belgesi i\u00e7in ba\u015fvuranlar\u0131n, ticari olarak kay\u0131t ve tescil edilmi\u015f e\u015fya ta\u015f\u0131maya mahsus en az 2 adet \u00f6zmal birim ta\u015f\u0131ta sahip olmas\u0131, \u00f6zmal \u00e7ekici cinsi ta\u015f\u0131tlar\u0131n\u0131n katar a\u011f\u0131rl\u0131klar\u0131 ile \u00f6zmal kamyon ve \u00f6zmal kamyonet cinsi ta\u015f\u0131tlar\u0131n\u0131n azami y\u00fckl\u00fc a\u011f\u0131rl\u0131klar\u0131 toplam\u0131n\u0131n 35 tondan az olmamas\u0131 \u015fartt\u0131r.\n<br><br>\n\n\n<b>Asgari Kapasitenin Kaybedilmesi ve buna ili\u015fkin hususlar.<\/b>\n<br>\nYetki belgesi sahipleri, yetki belgesi eki ta\u015f\u0131t belgelerinde kay\u0131tl\u0131 ta\u015f\u0131tlar\u0131n\u0131n;\n<br><br>\n\na) Kazaya u\u011frad\u0131\u011f\u0131, yand\u0131\u011f\u0131, hurdaya ayr\u0131ld\u0131\u011f\u0131 veya benzer bir m\u00fccbir sebepten dolay\u0131 i\u015f g\u00f6remez duruma geldi\u011fi,<br>\nb) Sat\u0131ld\u0131\u011f\u0131,<br>\nc) Kendi istekleriyle d\u00fc\u015f\u00fcld\u00fc\u011f\u00fc,<br>\n\u00e7) Ya\u015flar\u0131 nedeniyle asgari kapasiteden say\u0131lmad\u0131\u011f\u0131,<br>\nd) 24 \u00fcnc\u00fc maddenin \u00fc\u00e7\u00fcnc\u00fc f\u0131kras\u0131 gere\u011fince re\u2019sen d\u00fc\u015f\u00fcld\u00fc\u011f\u00fc,<br>\ntarihler esas al\u0131nmak kayd\u0131yla, bu maddede \u00f6ng\u00f6r\u00fclen asgari kapasite \u015fart\u0131n\u0131 kaybetmeleri ve asgari kapasitenin kaybedildi\u011fi s\u00fcre toplam\u0131n\u0131n, 17 nci maddede belirlenen yetki belgesi ge\u00e7erlilik s\u00fcresi boyunca 630 takvim g\u00fcn\u00fcnden fazla olmas\u0131 halinde, yetki belgesi iptal edilir.<br>\n<br>\n\n<b>De\u011fi\u015fikliklerin Bildirilmesi<\/b>\n<br>\nBu Y\u00f6netmeli\u011fe g\u00f6re yetki belgesi alanlardan;\n<br><br>\na) K1 veya K3 yetki belgesi sahibi ger\u00e7ek ki\u015filer ile B3, C1, D3 veya K2 yetki belgesi sahibi ger\u00e7ek veya t\u00fczel ki\u015filer haricindeki yetki belgesi sahipleri, firmalar\u0131nda meydana gelen unvan, adres ve 13 \u00fcnc\u00fc maddenin birinci f\u0131kras\u0131n\u0131n (c) bendinde belirtilen ki\u015filere ili\u015fkin de\u011fi\u015fiklikleri veya acentelik s\u00f6zle\u015fmelerindeki de\u011fi\u015fiklikleri ile 14 \u00fcnc\u00fc maddede belirlenmi\u015f sermaye \u015fart\u0131n\u0131 kaybedecek \u015fekildeki sermaye azalt\u0131\u015flar\u0131n\u0131,\n<br><br>\n\nb) Yetki belgesi eki ta\u015f\u0131t belgesinde kay\u0131tl\u0131 \u00f6zmal ta\u015f\u0131t\/ta\u015f\u0131tlar\u0131n; kazaya u\u011framas\u0131, yanmas\u0131, hurdaya ayr\u0131lmas\u0131 veya benzer bir m\u00fccbir sebepten dolay\u0131 i\u015f g\u00f6remez duruma gelmesi ile plaka bilgisi, rengi, \u015fasi numaras\u0131 veya ta\u015f\u0131t cinsine ili\u015fkin de\u011fi\u015fiklikleri,\n<br><br>\n\nde\u011fi\u015fikli\u011fin meydana geldi\u011fi tarihten itibaren doksan takvim g\u00fcn\u00fc i\u00e7inde Bakanl\u0131\u011fa bildirmekle y\u00fck\u00fcml\u00fcd\u00fcrler. Bu f\u0131kraya uymayan yetki belgesi sahiplerine 5 uyarma verilir.\n<br>\n\n<b>Yetki Belgelerinin S\u00fcresi<\/b>\n<br>\nKarayolu Ta\u015f\u0131ma Y\u00f6netmeli\u011fine g\u00f6re al\u0131nan yetki belgelerinin s\u00fcresi 5 y\u0131ld\u0131r. \n<br>\nYetki Belgelerinin Yenilenmesi<br>\nYetki Belgeleri Yenileme \u0130\u015flemleri Karayolu Ta\u015f\u0131ma Y\u00f6netmeli\u011finin 18 maddesi h\u00fck\u00fcmlerine g\u00f6re ger\u00e7ekle\u015ftirilir. (yetki belgesi yenileme i\u015flemleri i\u00e7in yeni belge almak i\u00e7in gerekli olan belgeler <br>\nKarayolu Ta\u015f\u0131ma Y\u00f6netmeli\u011finin 18 maddesi:\n<br>\nYetki belgelerinin yenilenmesi s\u00fcreci\n<br>\n<br>\n\n<b>MADDE 19 \u2013 <\/b>(1) Yetki belgesi sahipleri, yetki belgelerinin yenilenmesi i\u00e7in, yetki belgesinin ge\u00e7erlilik s\u00fcresinin bitim tarihinin doksan g\u00fcn \u00f6ncesinden itibaren Bakanl\u0131\u011fa yaz\u0131l\u0131 olarak m\u00fcracaat edebilirler. Yetki belgesi, yenileme \u00fccretinin \u00f6dendi\u011fi tarih esas al\u0131narak yenilenir. Yenileme \u00fccretinin, yetki belgesinin bitim tarihinden \u00f6nce ve \u00f6deme tarihindeki ge\u00e7erli yenileme \u00fccreti olarak \u00f6denmesi \u015fartt\u0131r.(2) Yetki belgesi sahipleri taraf\u0131ndan yetki belgelerinin yenilenmesi i\u00e7in yetki belgesinin ge\u00e7erlilik s\u00fcresinin sona erdi\u011fi tarihten itibaren 540 takvim g\u00fcn\u00fc i\u00e7inde Bakanl\u0131\u011fa yaz\u0131l\u0131 olarak m\u00fcracaat edilmesi halinde; yetki belgesi, yenileme \u00fccretinin \u00f6dendi\u011fi tarih esas al\u0131narak yenilenir. Yenileme \u00fccretinin, s\u00f6z konusu 540 g\u00fcnl\u00fck s\u00fcre i\u00e7inde ve \u00f6deme tarihindeki ge\u00e7erli yenileme \u00fccreti olarak \u00f6denmesi \u015fartt\u0131r.(3) Yetki belgesi sahipleri taraf\u0131ndan yetki belgesinin ge\u00e7erlilik s\u00fcresinin sona erdi\u011fi tarihten itibaren, birinci ve ikinci f\u0131kralarda belirtilen s\u00fcreler i\u00e7inde m\u00fcracaat edilmemesi veya m\u00fcracaat edildi\u011fi halde yetki belgesi yenilemenin \u015fartlar\u0131n\u0131n yerine getirilmemesi halinde yetki belgesi yenileme hakk\u0131 kaybedilir.\n<br><br>\n(4) Yetki belgesi \u00fczerinde bulunan t\u00fcm uyarmalar kald\u0131r\u0131lmadan ve yenilenecek yetki belgesi i\u00e7in bu Y\u00f6netmelikte \u00f6ng\u00f6r\u00fclen \u015fartlar sa\u011flanmadan yetki belgesi yenilenmez.<br>\n(5) Yenilenen yetki belgeleri i\u00e7in 14 \u00fcnc\u00fc maddede belirtilen s\u00fcreler, yenilenme \u00f6ncesi kullan\u0131lan s\u00fcreler dikkate al\u0131nmaks\u0131z\u0131n yeniden ba\u015flar.<br>\n(6) Bu maddeye g\u00f6re yetki belgesi yenileme i\u015fleminin yap\u0131labilmesi i\u00e7in; yetki belgesinin, bu Y\u00f6netmelik kapsam\u0131nda faaliyeti durdurulmam\u0131\u015f veya iptal durumuna gelmemi\u015f olmas\u0131 \u015fartt\u0131r.<br>\n(7) \u0130kinci f\u0131krada yer alan s\u00fcre, sadece yetki belgesi yenileme hakk\u0131 olup bu s\u00fcre, bu durumdakilere faaliyette bulunma hakk\u0131 vermez. Bu f\u0131kraya ayk\u0131r\u0131 hareket edenlere, Kanunun 26 nc\u0131 maddesinin birinci f\u0131kras\u0131n\u0131n (a) bendinde belirtilen miktarda idari para cezas\u0131 uygulan\u0131r<br><br>\n\n\n\n<b>Not: 01\/01\/2020 tarihinde KEP adresi zorunlulu\u011fu uygulamaya ge\u00e7ecektir. <\/b>\n\n<br><br>\n\n<b>Oda Yetkilileri:<\/b>\n<br>\nG\u00f6zde  AYDIN  - Oda Sicil Memuru  \/Tel: 424 218 3500 -1124\n<br>\nNevruz KES\u0130C\u0130 - Oda Sicil Memuru \/Tel: 424 218 3500 -1132\n<br>\nAhmet ALTUNG\u00d6K - Oda Sicil M\u00fcd\u00fcr\u00fc \/Tel: 424 218 3500 - 1131                        <\/div>\n\t\t\t\t\t\t                                                                        <div class=\"job-social-share-box\">\n                            <h2>Sosyal Medya'da Payla\u015f<\/h2>                            <ul>\n                                                                <li><a class=\"\" href=\"http:\/\/www.facebook.com\/elzTSO\"><i class=\"fab fa-facebook\"><\/i>Facebook<\/a><\/li>\n                                                                <li><a class=\"tw\" href=\"http:\/\/www.twitter.com\/elazigtso\"><i class=\"fab fa-twitter\"><\/i>Twitter<\/a><\/li>\n                                                                <li><a class=\"googlep\" href=\"https:\/\/www.instagram.com\/\"><i class=\"fab fa-instagram\"><\/i>Instagram<\/a><\/li>\n                                                            <\/ul>\n                        <\/div>\n\n                    <\/div>\n                <\/div>\n\t\t\t\t                <div class=\"col-xl-4\">\n                    <div class=\"resume-box\">\n                        <div id=\"nav_menu-12\" class=\"service-widget sidebar-widget widget_nav_menu\"><div class=\"sidebar-title\"><div class=\"dot-box\"><\/div><h3>Kurumsal<\/h3><\/div><div class=\"menu-kurumsal-container\"><ul id=\"menu-kurumsal\" class=\"menu\"><li id=\"menu-item-1798\" class=\"menu-item menu-item-type-post_type menu-item-object-page menu-item-1798\"><a href=\"http:\/\/elazigtso.com\/tr\/index.php\/odamiz-hakkinda\/\">Odam\u0131z Hakk\u0131nda<\/a><\/li>\n<li id=\"menu-item-1799\" class=\"menu-item menu-item-type-custom menu-item-object-custom menu-item-1799\"><a href=\"#\">Ba\u015fkan<\/a><\/li>\n<li id=\"menu-item-1800\" class=\"menu-item menu-item-type-custom menu-item-object-custom menu-item-1800\"><a href=\"#\">Y\u00f6netim Kurulu<\/a><\/li>\n<li id=\"menu-item-1801\" class=\"menu-item menu-item-type-custom menu-item-object-custom menu-item-1801\"><a href=\"#\">Meclis<\/a><\/li>\n<li id=\"menu-item-1802\" class=\"menu-item menu-item-type-custom menu-item-object-custom menu-item-1802\"><a href=\"#\">Meslek Komiteleri<\/a><\/li>\n<li id=\"menu-item-1803\" class=\"menu-item menu-item-type-custom menu-item-object-custom menu-item-1803\"><a href=\"#\">\u0130\u015ftiraklerimiz<\/a><\/li>\n<li id=\"menu-item-1804\" class=\"menu-item menu-item-type-custom menu-item-object-custom menu-item-1804\"><a href=\"#\">Projelerimiz<\/a><\/li>\n<li id=\"menu-item-1805\" class=\"menu-item menu-item-type-custom menu-item-object-custom menu-item-1805\"><a href=\"#\">Kurumsal Kimlik<\/a><\/li>\n<li id=\"menu-item-1806\" class=\"menu-item menu-item-type-custom menu-item-object-custom menu-item-1806\"><a href=\"#\">KVKK<\/a><\/li>\n<\/ul><\/div><\/div><div id=\"nav_menu-16\" class=\"service-widget sidebar-widget widget_nav_menu\"><div class=\"sidebar-title\"><div class=\"dot-box\"><\/div><h3>Hizmetler<\/h3><\/div><div class=\"menu-hizmetler-container\"><ul id=\"menu-hizmetler\" class=\"menu\"><li id=\"menu-item-3389\" class=\"menu-item menu-item-type-post_type menu-item-object-page menu-item-3389\"><a href=\"http:\/\/elazigtso.com\/tr\/index.php\/ticaret-sicil-hizmetleri\/\">Ticaret Sicil Hizmetleri<\/a><\/li>\n<li id=\"menu-item-2030\" class=\"menu-item menu-item-type-custom menu-item-object-custom menu-item-2030\"><a href=\"https:\/\/uye.tobb.org.tr\/organizasyon\/firma-index.jsp\">\u00dcyelik Sistemi<\/a><\/li>\n<li id=\"menu-item-2031\" class=\"menu-item menu-item-type-custom menu-item-object-custom menu-item-2031\"><a href=\"https:\/\/uye.tobb.org.tr\/hizliaidatodeme.jsp\">H\u0131zl\u0131 Aidat \u00d6deme<\/a><\/li>\n<li id=\"menu-item-2032\" class=\"menu-item menu-item-type-custom menu-item-object-custom menu-item-2032\"><a href=\"https:\/\/uye.tobb.org.tr\/organizasyon\/firma-index.jsp\">Belge Talebi<\/a><\/li>\n<li id=\"menu-item-2033\" class=\"menu-item menu-item-type-custom menu-item-object-custom menu-item-2033\"><a href=\"https:\/\/uye.tobb.org.tr\/organizasyon\/firma-index.jsp\">Ticaret Sicil Gazetesi<\/a><\/li>\n<li id=\"menu-item-2034\" class=\"menu-item menu-item-type-custom menu-item-object-custom menu-item-2034\"><a href=\"https:\/\/uye.tobb.org.tr\/organizasyon\/firma-index.jsp\">Temsil-\u0130lzam Kullan\u0131c\u0131 Yetkilendirme<\/a><\/li>\n<li id=\"menu-item-2013\" class=\"menu-item menu-item-type-post_type menu-item-object-page menu-item-2013\"><a href=\"http:\/\/elazigtso.com\/tr\/index.php\/is-makinasi-tescil\/\">\u0130\u015f Makinas\u0131 Tescil<\/a><\/li>\n<li id=\"menu-item-3390\" class=\"menu-item menu-item-type-post_type menu-item-object-page menu-item-3390\"><a href=\"http:\/\/elazigtso.com\/tr\/index.php\/k-yetki-belgeleri\/\">K Yetki Belgeleri<\/a><\/li>\n<li id=\"menu-item-3392\" class=\"menu-item menu-item-type-post_type menu-item-object-page menu-item-3392\"><a href=\"http:\/\/elazigtso.com\/tr\/index.php\/sayisal-takograf\/\">Say\u0131sal Tako\u011fraf<\/a><\/li>\n<li id=\"menu-item-3391\" class=\"menu-item menu-item-type-custom menu-item-object-custom menu-item-3391\"><a href=\"http:\/\/gs1.tobb.org.tr\/\">GS1 Barkod \u0130\u015flemleri<\/a><\/li>\n<li id=\"menu-item-3394\" class=\"menu-item menu-item-type-post_type menu-item-object-page menu-item-3394\"><a href=\"http:\/\/elazigtso.com\/tr\/index.php\/sigorta-acenteligi\/\">Sigorta Acenteli\u011fi<\/a><\/li>\n<li id=\"menu-item-2109\" class=\"menu-item menu-item-type-post_type menu-item-object-page menu-item-2109\"><a href=\"http:\/\/elazigtso.com\/tr\/index.php\/ticaret-dis-ticaret-fuarlar\/\">Ticaret \/ D\u0131\u015f Ticaret \/ Fuarlar<\/a><\/li>\n<li id=\"menu-item-3395\" class=\"menu-item menu-item-type-post_type menu-item-object-page menu-item-3395\"><a href=\"http:\/\/elazigtso.com\/tr\/index.php\/sanayi-birimi-2\/\">Sanayi Birimi<\/a><\/li>\n<li id=\"menu-item-3393\" class=\"menu-item menu-item-type-post_type menu-item-object-page menu-item-3393\"><a href=\"http:\/\/elazigtso.com\/tr\/index.php\/raporlar\/\">Raporlar<\/a><\/li>\n<li id=\"menu-item-2035\" class=\"menu-item menu-item-type-post_type menu-item-object-page menu-item-2035\"><a href=\"http:\/\/elazigtso.com\/tr\/index.php\/tso-akademi\/\">TSO Akademi<\/a><\/li>\n<\/ul><\/div><\/div>                    <\/div>\n                <\/div>\n\t\t\t\t            <\/div>\n        <\/div>\n    <\/section>\n    <!--End Career Details Area-->\n      \n        \t\t<\/div>\n\t\t\t\t<\/div>\n\t\t\t\t\t<\/div>\n\t\t<\/div>\n\t\t\t\t\t\t\t<\/div>\n\t\t<\/section>\n\t\t\t\t\t\t\t<\/div>\n\t\t","protected":false},"excerpt":{"rendered":"<p>Elaz\u0131\u011f Ticaret ve Sanayi Odas\u0131 K Yetki Belgeleri K YETK\u0130 BELGELER\u0130 08.01.2018 tarih ve 30295 say\u0131l\u0131 Resmi Gazetede yay\u0131nlanan 4925 say\u0131l\u0131 Karayolu Ta\u015f\u0131ma Kanunu ve; Karayolu Ta\u015f\u0131ma Y\u00f6netmeli\u011fi ile Karayolu ile Ta\u015f\u0131mac\u0131l\u0131k faaliyetleri i\u00e7in standartlar belirlenmi\u015ftir. S\u00f6zkonusu Kanun ve Y\u00f6netmelik h\u00fck\u00fcmlerine g\u00f6re, K Yetki Belgeleri Karayolu ile y\u00fck ve e\u015fya ta\u015f\u0131mac\u0131l\u0131\u011f\u0131 faaliyetlerinde bulunan ger\u00e7ek \/ [&hellip;]<\/p>\n","protected":false},"author":3,"featured_media":0,"parent":0,"menu_order":0,"comment_status":"closed","ping_status":"closed","template":"tpl-default-elementor.php","meta":{"footnotes":""},"class_list":["post-3054","page","type-page","status-publish","hentry"],"_links":{"self":[{"href":"http:\/\/elazigtso.com\/tr\/index.php\/wp-json\/wp\/v2\/pages\/3054","targetHints":{"allow":["GET"]}}],"collection":[{"href":"http:\/\/elazigtso.com\/tr\/index.php\/wp-json\/wp\/v2\/pages"}],"about":[{"href":"http:\/\/elazigtso.com\/tr\/index.php\/wp-json\/wp\/v2\/types\/page"}],"author":[{"embeddable":true,"href":"http:\/\/elazigtso.com\/tr\/index.php\/wp-json\/wp\/v2\/users\/3"}],"replies":[{"embeddable":true,"href":"http:\/\/elazigtso.com\/tr\/index.php\/wp-json\/wp\/v2\/comments?post=3054"}],"version-history":[{"count":7,"href":"http:\/\/elazigtso.com\/tr\/index.php\/wp-json\/wp\/v2\/pages\/3054\/revisions"}],"predecessor-version":[{"id":6227,"href":"http:\/\/elazigtso.com\/tr\/index.php\/wp-json\/wp\/v2\/pages\/3054\/revisions\/6227"}],"wp:attachment":[{"href":"http:\/\/elazigtso.com\/tr\/index.php\/wp-json\/wp\/v2\/media?parent=3054"}],"curies":[{"name":"wp","href":"https:\/\/api.w.org\/{rel}","templated":true}]}}