{"id":3448,"date":"2023-03-16T10:44:26","date_gmt":"2023-03-16T07:44:26","guid":{"rendered":"http:\/\/elazigtso.com\/tr\/?page_id=3448"},"modified":"2023-09-20T16:13:45","modified_gmt":"2023-09-20T13:13:45","slug":"belge-talebi","status":"publish","type":"page","link":"http:\/\/elazigtso.com\/tr\/index.php\/belge-talebi\/","title":{"rendered":"Belge Talebi"},"content":{"rendered":"\t\t<div data-elementor-type=\"wp-page\" data-elementor-id=\"3448\" class=\"elementor elementor-3448\">\n\t\t\t\t\t\t\t\t\t<section class=\"elementor-section elementor-top-section elementor-element elementor-element-1386cb4 elementor-section-full_width elementor-section-height-default elementor-section-height-default\" data-id=\"1386cb4\" data-element_type=\"section\">\n\t\t\t\t\t\t<div class=\"elementor-container elementor-column-gap-default\">\n\t\t\t\t\t<div class=\"elementor-column elementor-col-100 elementor-top-column elementor-element elementor-element-e765522\" data-id=\"e765522\" data-element_type=\"column\">\n\t\t\t<div class=\"elementor-widget-wrap elementor-element-populated\">\n\t\t\t\t\t\t\t\t<div class=\"elementor-element elementor-element-dad1680 elementor-widget elementor-widget-finbank_careers\" data-id=\"dad1680\" data-element_type=\"widget\" data-widget_type=\"finbank_careers.default\">\n\t\t\t\t<div class=\"elementor-widget-container\">\n\t\t\t\t\n    <!--Start Intro Style2 Area-->\n    <section class=\"intro-style2-area\">\n        <div class=\"container\">\n\t\t\t            <div class=\"row\">\n                <div class=\"col-xl-6\">\n                    <div class=\"intro-style2-img-box\">\n                        <div class=\"inner\">\n                                                        <img decoding=\"async\" src=\"http:\/\/elazigtso.com\/tr\/wp-content\/uploads\/2023\/03\/belge.jpeg\" alt=\"Awesome Image\">\n                            \t\t\t\t\t\t\t                        <\/div>\n                    <\/div>\n                <\/div>\n                <div class=\"col-xl-6\">\n                    <div class=\"intro-style2-content-box\">\n                                                <div class=\"sec-title\">\n                            <h2>Belge Talebi<\/h2>\n                        <\/div>\n                                                                        \t\t\t\t\t\t<ul>\n\t\t\t\t\t\t\t\t\t\t\t\t   <li><div class=\"icon-box\">\n\t\t\t\t\t\t\t\t<span class=\"icon-checkbox-mark\"><\/span>\n\t\t\t\t\t\t   <\/div>\n\t\t\t\t\t\t   <p>Odam\u0131z T\u00fcrkiye Odalar ve Borsalar Birli\u011fi (TOBB) taraf\u0131ndan dijital d\u00f6n\u00fc\u015f\u00fcm program\u0131 \u00e7er\u00e7evesinde yeniden d\u00fczenlenen \u00fcyelik program\u0131n\u0131 kullanmaya ba\u015flam\u0131\u015ft\u0131r. S\u00f6z konusu \u00fcyelik program\u0131nda \u00fcyelerimizin giri\u015f yapacaklar\u0131 belge taleplerini kar\u015f\u0131lay\u0131p Oda \u00fcyelik aidatlar\u0131n\u0131 \u00f6deyebilecekleri imkan sunulmaktad\u0131r.<\/p><\/li>\n\t\t\t\t\t\t\t\t\t\t\t\t   <li><div class=\"icon-box\">\n\t\t\t\t\t\t\t\t<span class=\"icon-checkbox-mark\"><\/span>\n\t\t\t\t\t\t   <\/div>\n\t\t\t\t\t\t   <p><\/p><\/li>\n\t\t\t\t\t\t\t\t\t\t\t\t   <li><div class=\"icon-box\">\n\t\t\t\t\t\t\t\t<span class=\"icon-checkbox-mark\"><\/span>\n\t\t\t\t\t\t   <\/div>\n\t\t\t\t\t\t   <p>Yeni \u00fcye sistemine sadece firma yetkilileri kay\u0131t olabilmektedir. Firma yetkilisinin cep telefon numaras\u0131n\u0131n \u00fcye sistemimizde kay\u0131tl\u0131 olmas\u0131 gerekmektedir. Do\u011frulama kodu firma yetkilisinin cep telefonunda kay\u0131t esnas\u0131nda g\u00f6nderilecektir.<\/p><\/li>\n\t\t\t\t\t\t\t\t\t\t\t\t   <li><div class=\"icon-box\">\n\t\t\t\t\t\t\t\t<span class=\"icon-checkbox-mark\"><\/span>\n\t\t\t\t\t\t   <\/div>\n\t\t\t\t\t\t   <p><\/p><\/li>\n\t\t\t\t\t\t\t\t\t\t\t\t   <li><div class=\"icon-box\">\n\t\t\t\t\t\t\t\t<span class=\"icon-checkbox-mark\"><\/span>\n\t\t\t\t\t\t   <\/div>\n\t\t\t\t\t\t   <p>Bor\u00e7 yap\u0131land\u0131rma i\u015flemi de buradan ger\u00e7ekle\u015ftirilebilmektedir. (Yap\u0131land\u0131rma s\u00fcresi dahilinde)<\/p><\/li>\n\t\t\t\t\t\t\t\t\t\t\t\t   <li><div class=\"icon-box\">\n\t\t\t\t\t\t\t\t<span class=\"icon-checkbox-mark\"><\/span>\n\t\t\t\t\t\t   <\/div>\n\t\t\t\t\t\t   <p><\/p><\/li>\n\t\t\t\t\t\t\t\t\t\t\t\t   <li><div class=\"icon-box\">\n\t\t\t\t\t\t\t\t<span class=\"icon-checkbox-mark\"><\/span>\n\t\t\t\t\t\t   <\/div>\n\t\t\t\t\t\t   <p>Kay\u0131t an\u0131nda yap\u0131lan do\u011frulama ile cep numaras\u0131 se\u00e7imi bo\u015f veya gelen numara yanl\u0131\u015f ise; mesai saatleri i\u00e7erisinde a\u015fa\u011f\u0131da yer alan Odam\u0131z yetkililer ile irtibata ge\u00e7meniz gerekmektedir.<\/p><\/li>\n\t\t\t\t\t\t\t\t\t\t\t\t<\/ul>\n\t\t\t\t\t\t                                            <\/div>\n                <\/div>\n            <\/div>\n\t\t\t\t\t\t            <div class=\"row\">\n                <div class=\"col-xl-12\">\n                    <div class=\"job-list-table-box\">\n\n                        <div class=\"table-outer\">\n                            <table class=\"job-list-table\">\n\n                                <thead class=\"header\">\n                                    <tr>\n                                        <th>Dosya \/ Evrak<\/th>\n                                        <th>Yetkililer<\/th>\n                                        <th>\u00dcnvan<\/th>\n                                        <th>\u0130leti\u015fim<\/th>\n                                    <\/tr>\n                                <\/thead>\n\n                                <tbody>\n\t\t\t\t\t\t\t\t\t                                    <tr>\n                                        <td class=\"department\">\n                                            <h3>H\u0131zl\u0131 Aidat \u00d6deme<\/h3>\n                                        <\/td>\n                                        <td class=\"job-role\">\n                                            <h3>- Nevruz KES\u0130C\u0130<br>- G\u00f6zde Ayd\u0131n<br>- Ahmet ALTUNG\u00d6K<\/h3>\n                                        <\/td>\n                                        <td class=\"location\">\n                                            <p>- Oda Sicil Memuru<br>- Oda Sicil Memuru<br>- Oda Sicil M\u00fcd\u00fcr\u00fc<\/p>\n                                        <\/td>\n                                        <td class=\"last-date\">\n                                            <p>- 424 218 3500 - 1132<br>- 424 218 3500 - 1129<br>- 424 218 3500 - 1131<\/p>\n                                        <\/td>\n                                                                                <td>\n                                            <div class=\"btn-box\">\n                                                <a class=\"btn-one\" href=\"https:\/\/uye.tobb.org.tr\/hizliaidatodeme.jsp\">\n                                                    <span class=\"txt\">Aidat \u00d6de<\/span>\n                                                <\/a>\n                                            <\/div>\n                                        <\/td>\n                                                                            <\/tr>\n\t\t\t\t\t\t\t\t\t                                    <tr>\n                                        <td class=\"department\">\n                                            <h3>On-line \u00dcyelik<br> Sistemine giri\u015f ve  kay\u0131t<\/h3>\n                                        <\/td>\n                                        <td class=\"job-role\">\n                                            <h3>- Nevruz KES\u0130C\u0130<br>- G\u00f6zde Ayd\u0131n<br>- Ahmet ALTUNG\u00d6K<\/h3>\n                                        <\/td>\n                                        <td class=\"location\">\n                                            <p>- Oda Sicil Memuru<br>- Oda Sicil Memuru<br>- Oda Sicil M\u00fcd\u00fcr\u00fc<\/p>\n                                        <\/td>\n                                        <td class=\"last-date\">\n                                            <p>- 424 218 3500 - 1132<br>- 424 218 3500 - 1129<br>- 424 218 3500 - 1131<\/p>\n                                        <\/td>\n                                                                                <td>\n                                            <div class=\"btn-box\">\n                                                <a class=\"btn-one\" href=\"https:\/\/uye.tobb.org.tr\/organizasyon\/firma-index.jsp\">\n                                                    <span class=\"txt\">Kay\u0131t ve Giri\u015f<\/span>\n                                                <\/a>\n                                            <\/div>\n                                        <\/td>\n                                                                            <\/tr>\n\t\t\t\t\t\t\t\t\t                                <\/tbody>\n                            <\/table>\n                        <\/div>\n\n                    <\/div>\n                <\/div>\n            <\/div>\n\t\t\t\t\t\t        <\/div>\n    <\/section>\n    <!--End Intro Style2 Area-->\n        \n        \t\t<\/div>\n\t\t\t\t<\/div>\n\t\t\t\t\t<\/div>\n\t\t<\/div>\n\t\t\t\t\t\t\t<\/div>\n\t\t<\/section>\n\t\t\t\t\t\t\t<\/div>\n\t\t","protected":false},"excerpt":{"rendered":"<p>Belge Talebi Odam\u0131z T\u00fcrkiye Odalar ve Borsalar Birli\u011fi (TOBB) taraf\u0131ndan dijital d\u00f6n\u00fc\u015f\u00fcm program\u0131 \u00e7er\u00e7evesinde yeniden d\u00fczenlenen \u00fcyelik program\u0131n\u0131 kullanmaya ba\u015flam\u0131\u015ft\u0131r. S\u00f6z konusu \u00fcyelik program\u0131nda \u00fcyelerimizin giri\u015f yapacaklar\u0131 belge taleplerini kar\u015f\u0131lay\u0131p Oda \u00fcyelik aidatlar\u0131n\u0131 \u00f6deyebilecekleri imkan sunulmaktad\u0131r. Yeni \u00fcye sistemine sadece firma yetkilileri kay\u0131t olabilmektedir. Firma yetkilisinin cep telefon numaras\u0131n\u0131n \u00fcye sistemimizde kay\u0131tl\u0131 olmas\u0131 gerekmektedir. Do\u011frulama [&hellip;]<\/p>\n","protected":false},"author":3,"featured_media":0,"parent":0,"menu_order":0,"comment_status":"closed","ping_status":"closed","template":"tpl-default-elementor.php","meta":{"footnotes":""},"class_list":["post-3448","page","type-page","status-publish","hentry"],"_links":{"self":[{"href":"http:\/\/elazigtso.com\/tr\/index.php\/wp-json\/wp\/v2\/pages\/3448","targetHints":{"allow":["GET"]}}],"collection":[{"href":"http:\/\/elazigtso.com\/tr\/index.php\/wp-json\/wp\/v2\/pages"}],"about":[{"href":"http:\/\/elazigtso.com\/tr\/index.php\/wp-json\/wp\/v2\/types\/page"}],"author":[{"embeddable":true,"href":"http:\/\/elazigtso.com\/tr\/index.php\/wp-json\/wp\/v2\/users\/3"}],"replies":[{"embeddable":true,"href":"http:\/\/elazigtso.com\/tr\/index.php\/wp-json\/wp\/v2\/comments?post=3448"}],"version-history":[{"count":16,"href":"http:\/\/elazigtso.com\/tr\/index.php\/wp-json\/wp\/v2\/pages\/3448\/revisions"}],"predecessor-version":[{"id":6230,"href":"http:\/\/elazigtso.com\/tr\/index.php\/wp-json\/wp\/v2\/pages\/3448\/revisions\/6230"}],"wp:attachment":[{"href":"http:\/\/elazigtso.com\/tr\/index.php\/wp-json\/wp\/v2\/media?parent=3448"}],"curies":[{"name":"wp","href":"https:\/\/api.w.org\/{rel}","templated":true}]}}