{"id":383,"date":"2022-09-18T17:51:14","date_gmt":"2022-09-18T17:51:14","guid":{"rendered":"https:\/\/fastwpdemo.com\/newwp\/finbank\/?page_id=383"},"modified":"2023-07-21T15:45:20","modified_gmt":"2023-07-21T12:45:20","slug":"yonetim-kurulu","status":"publish","type":"page","link":"http:\/\/elazigtso.com\/tr\/index.php\/yonetim-kurulu\/","title":{"rendered":"Y\u00f6netim Kurulu"},"content":{"rendered":"\t\t<div data-elementor-type=\"wp-page\" data-elementor-id=\"383\" class=\"elementor elementor-383\">\n\t\t\t\t\t\t\t\t\t<section class=\"elementor-section elementor-top-section elementor-element elementor-element-900eb79 elementor-section-full_width elementor-section-height-default elementor-section-height-default\" data-id=\"900eb79\" data-element_type=\"section\">\n\t\t\t\t\t\t<div class=\"elementor-container elementor-column-gap-default\">\n\t\t\t\t\t<div class=\"elementor-column elementor-col-100 elementor-top-column elementor-element elementor-element-555b9f0\" data-id=\"555b9f0\" data-element_type=\"column\">\n\t\t\t<div class=\"elementor-widget-wrap elementor-element-populated\">\n\t\t\t\t\t\t\t\t<div class=\"elementor-element elementor-element-8533ea4 elementor-widget elementor-widget-finbank_our_team\" data-id=\"8533ea4\" data-element_type=\"widget\" data-widget_type=\"finbank_our_team.default\">\n\t\t\t\t<div class=\"elementor-widget-container\">\n\t\t\t    \n    <!--Start Team Style1 Area-->\n    <section class=\"team-style1-area\">\n        <div class=\"container\">\n                        <div class=\"sec-title text-center\">\n                <h2>Y\u00f6netim Kurulu<\/h2>                                <div class=\"sub-title\">\n                    <p>Elaz\u0131\u011f Ticaret ve Sanayi Odas\u0131 Y\u00f6netim Kurulu<\/p>\n                <\/div>\n                            <\/div>\n\t\t\t            <div class=\"row\">\n\t\t\t\t                <!--Start Single Team Style1-->\n                <div class=\"col-xl-3 col-lg-6 col-md-6\">\n                    <div class=\"single-team-style1 wow fadeInUp\" data-wow-delay=\"100ms\" data-wow-duration=\"1500ms\">\n                        <div class=\"img-holder\">\n                            <div class=\"inner\">\n                                <img loading=\"lazy\" decoding=\"async\" width=\"270\" height=\"350\" src=\"http:\/\/elazigtso.com\/tr\/wp-content\/uploads\/2023\/07\/idris-alan.jpg\" class=\"attachment-finbank_270x350 size-finbank_270x350 wp-post-image\" alt=\"\" srcset=\"http:\/\/elazigtso.com\/tr\/wp-content\/uploads\/2023\/07\/idris-alan.jpg 270w, http:\/\/elazigtso.com\/tr\/wp-content\/uploads\/2023\/07\/idris-alan-231x300.jpg 231w\" sizes=\"auto, (max-width: 270px) 100vw, 270px\" \/>                                <div class=\"share-button\">\n                                    <div class=\"icon\">\n                                        <span class=\"fas fa-plus\"><\/span>\n                                    <\/div>\n                                    \t\t\t\t\t\t\t\t\t<ul class=\"social-links\">\t\t\t\n\t\t\t\t\t\t\t\t\t\t\t\t\t\t\t\t\t\t\n\t\t\t\t\t\t\t\t\t<\/ul>\n\t\t\t\t\t\t\t\t\t                                <\/div>\n                            <\/div>\n                        <\/div>\n                        <div class=\"text-holder\">\n                            <h3><a href=\"http:\/\/elazigtso.com\/tr\/index.php\/team\/idris-alan\/\">\u0130dris Alan<\/a><\/h3>\n                            <h5>Y\u00f6netim Kurulu Ba\u015fkan\u0131<\/h5>\n                        <\/div>\n                    <\/div>\n                <\/div>\n                <!--End Single Team Style1-->\n                                <!--Start Single Team Style1-->\n                <div class=\"col-xl-3 col-lg-6 col-md-6\">\n                    <div class=\"single-team-style1 wow fadeInUp\" data-wow-delay=\"100ms\" data-wow-duration=\"1500ms\">\n                        <div class=\"img-holder\">\n                            <div class=\"inner\">\n                                <img loading=\"lazy\" decoding=\"async\" width=\"270\" height=\"350\" src=\"http:\/\/elazigtso.com\/tr\/wp-content\/uploads\/2022\/09\/talog.jpg\" class=\"attachment-finbank_270x350 size-finbank_270x350 wp-post-image\" alt=\"\" srcset=\"http:\/\/elazigtso.com\/tr\/wp-content\/uploads\/2022\/09\/talog.jpg 270w, http:\/\/elazigtso.com\/tr\/wp-content\/uploads\/2022\/09\/talog-231x300.jpg 231w\" sizes=\"auto, (max-width: 270px) 100vw, 270px\" \/>                                <div class=\"share-button\">\n                                    <div class=\"icon\">\n                                        <span class=\"fas fa-plus\"><\/span>\n                                    <\/div>\n                                    \t\t\t\t\t\t\t\t\t<ul class=\"social-links\">\t\t\t\n\t\t\t\t\t\t\t\t\t\t\t\t\t\t\t\t\t\t\t\t\t<li><a href=\"https:\/\/www.facebook.com\" ><i class=\"fab fa-facebook\"><\/i><\/a><\/li>\n\t\t\t\t\t\t\t\t\t\t\t\t\t\t\t\t\t\t\t\t\t<li><a href=\"https:\/\/www.instagram.com\" ><i class=\"fab fa-instagram\"><\/i><\/a><\/li>\n\t\t\t\t\t\t\t\t\t\t\t\t\t\t\t\t\t\t\t\t\t<li><a href=\"https:\/\/www.twitter.com\" ><i class=\"fab fa-twitter\"><\/i><\/a><\/li>\n\t\t\t\t\t\t\t\t\t\t\t\t\t\t\t\t\t\t\n\t\t\t\t\t\t\t\t\t<\/ul>\n\t\t\t\t\t\t\t\t\t                                <\/div>\n                            <\/div>\n                        <\/div>\n                        <div class=\"text-holder\">\n                            <h3><a href=\"http:\/\/elazigtso.com\/tr\/index.php\/team\/gurkan-talo\/\">G\u00fcrkan Talo<\/a><\/h3>\n                            <h5>Ba\u015fkan Vekili<\/h5>\n                        <\/div>\n                    <\/div>\n                <\/div>\n                <!--End Single Team Style1-->\n                                <!--Start Single Team Style1-->\n                <div class=\"col-xl-3 col-lg-6 col-md-6\">\n                    <div class=\"single-team-style1 wow fadeInUp\" data-wow-delay=\"100ms\" data-wow-duration=\"1500ms\">\n                        <div class=\"img-holder\">\n                            <div class=\"inner\">\n                                <img loading=\"lazy\" decoding=\"async\" width=\"270\" height=\"350\" src=\"http:\/\/elazigtso.com\/tr\/wp-content\/uploads\/2023\/07\/bussinnes.jpg\" class=\"attachment-finbank_270x350 size-finbank_270x350 wp-post-image\" alt=\"\" srcset=\"http:\/\/elazigtso.com\/tr\/wp-content\/uploads\/2023\/07\/bussinnes.jpg 270w, http:\/\/elazigtso.com\/tr\/wp-content\/uploads\/2023\/07\/bussinnes-231x300.jpg 231w\" sizes=\"auto, (max-width: 270px) 100vw, 270px\" \/>                                <div class=\"share-button\">\n                                    <div class=\"icon\">\n                                        <span class=\"fas fa-plus\"><\/span>\n                                    <\/div>\n                                    \t\t\t\t\t\t\t\t\t<ul class=\"social-links\">\t\t\t\n\t\t\t\t\t\t\t\t\t\t\t\t\t\t\t\t\t\t\n\t\t\t\t\t\t\t\t\t<\/ul>\n\t\t\t\t\t\t\t\t\t                                <\/div>\n                            <\/div>\n                        <\/div>\n                        <div class=\"text-holder\">\n                            <h3><a href=\"http:\/\/elazigtso.com\/tr\/index.php\/team\/engin-karatas\/\">Engin Karata\u015f<\/a><\/h3>\n                            <h5>Ba\u015fkan Yard\u0131mc\u0131s\u0131<\/h5>\n                        <\/div>\n                    <\/div>\n                <\/div>\n                <!--End Single Team Style1-->\n                                <!--Start Single Team Style1-->\n                <div class=\"col-xl-3 col-lg-6 col-md-6\">\n                    <div class=\"single-team-style1 wow fadeInUp\" data-wow-delay=\"100ms\" data-wow-duration=\"1500ms\">\n                        <div class=\"img-holder\">\n                            <div class=\"inner\">\n                                <img loading=\"lazy\" decoding=\"async\" width=\"270\" height=\"350\" src=\"http:\/\/elazigtso.com\/tr\/wp-content\/uploads\/2023\/07\/nurullahyildiz.jpg\" class=\"attachment-finbank_270x350 size-finbank_270x350 wp-post-image\" alt=\"\" srcset=\"http:\/\/elazigtso.com\/tr\/wp-content\/uploads\/2023\/07\/nurullahyildiz.jpg 270w, http:\/\/elazigtso.com\/tr\/wp-content\/uploads\/2023\/07\/nurullahyildiz-231x300.jpg 231w\" sizes=\"auto, (max-width: 270px) 100vw, 270px\" \/>                                <div class=\"share-button\">\n                                    <div class=\"icon\">\n                                        <span class=\"fas fa-plus\"><\/span>\n                                    <\/div>\n                                    \t\t\t\t\t\t\t\t\t<ul class=\"social-links\">\t\t\t\n\t\t\t\t\t\t\t\t\t\t\t\t\t\t\t\t\t\t\n\t\t\t\t\t\t\t\t\t<\/ul>\n\t\t\t\t\t\t\t\t\t                                <\/div>\n                            <\/div>\n                        <\/div>\n                        <div class=\"text-holder\">\n                            <h3><a href=\"http:\/\/elazigtso.com\/tr\/index.php\/team\/nurullah-yildiz\/\">Nurullah Y\u0131ld\u0131z<\/a><\/h3>\n                            <h5>Sayman \u00dcye<\/h5>\n                        <\/div>\n                    <\/div>\n                <\/div>\n                <!--End Single Team Style1-->\n                                <!--Start Single Team Style1-->\n                <div class=\"col-xl-3 col-lg-6 col-md-6\">\n                    <div class=\"single-team-style1 wow fadeInUp\" data-wow-delay=\"100ms\" data-wow-duration=\"1500ms\">\n                        <div class=\"img-holder\">\n                            <div class=\"inner\">\n                                <img loading=\"lazy\" decoding=\"async\" width=\"270\" height=\"350\" src=\"http:\/\/elazigtso.com\/tr\/wp-content\/uploads\/2023\/07\/mustafa-balogullari.jpg\" class=\"attachment-finbank_270x350 size-finbank_270x350 wp-post-image\" alt=\"\" srcset=\"http:\/\/elazigtso.com\/tr\/wp-content\/uploads\/2023\/07\/mustafa-balogullari.jpg 270w, http:\/\/elazigtso.com\/tr\/wp-content\/uploads\/2023\/07\/mustafa-balogullari-231x300.jpg 231w\" sizes=\"auto, (max-width: 270px) 100vw, 270px\" \/>                                <div class=\"share-button\">\n                                    <div class=\"icon\">\n                                        <span class=\"fas fa-plus\"><\/span>\n                                    <\/div>\n                                    \t\t\t\t\t\t\t\t\t<ul class=\"social-links\">\t\t\t\n\t\t\t\t\t\t\t\t\t\t\t\t\t\t\t\t\t\t\n\t\t\t\t\t\t\t\t\t<\/ul>\n\t\t\t\t\t\t\t\t\t                                <\/div>\n                            <\/div>\n                        <\/div>\n                        <div class=\"text-holder\">\n                            <h3><a href=\"http:\/\/elazigtso.com\/tr\/index.php\/team\/mustafa-balogullari\/\">Mustafa Balo\u011fullar\u0131<\/a><\/h3>\n                            <h5>\u00dcye<\/h5>\n                        <\/div>\n                    <\/div>\n                <\/div>\n                <!--End Single Team Style1-->\n                                <!--Start Single Team Style1-->\n                <div class=\"col-xl-3 col-lg-6 col-md-6\">\n                    <div class=\"single-team-style1 wow fadeInUp\" data-wow-delay=\"100ms\" data-wow-duration=\"1500ms\">\n                        <div class=\"img-holder\">\n                            <div class=\"inner\">\n                                <img loading=\"lazy\" decoding=\"async\" width=\"270\" height=\"350\" src=\"http:\/\/elazigtso.com\/tr\/wp-content\/uploads\/2023\/07\/sinan-perdeci.jpg\" class=\"attachment-finbank_270x350 size-finbank_270x350 wp-post-image\" alt=\"\" srcset=\"http:\/\/elazigtso.com\/tr\/wp-content\/uploads\/2023\/07\/sinan-perdeci.jpg 270w, http:\/\/elazigtso.com\/tr\/wp-content\/uploads\/2023\/07\/sinan-perdeci-231x300.jpg 231w\" sizes=\"auto, (max-width: 270px) 100vw, 270px\" \/>                                <div class=\"share-button\">\n                                    <div class=\"icon\">\n                                        <span class=\"fas fa-plus\"><\/span>\n                                    <\/div>\n                                    \t\t\t\t\t\t\t\t\t<ul class=\"social-links\">\t\t\t\n\t\t\t\t\t\t\t\t\t\t\t\t\t\t\t\t\t\t\n\t\t\t\t\t\t\t\t\t<\/ul>\n\t\t\t\t\t\t\t\t\t                                <\/div>\n                            <\/div>\n                        <\/div>\n                        <div class=\"text-holder\">\n                            <h3><a href=\"http:\/\/elazigtso.com\/tr\/index.php\/team\/sinan-perdeci\/\">Sinan Perdeci<\/a><\/h3>\n                            <h5>\u00dcye<\/h5>\n                        <\/div>\n                    <\/div>\n                <\/div>\n                <!--End Single Team Style1-->\n                                <!--Start Single Team Style1-->\n                <div class=\"col-xl-3 col-lg-6 col-md-6\">\n                    <div class=\"single-team-style1 wow fadeInUp\" data-wow-delay=\"100ms\" data-wow-duration=\"1500ms\">\n                        <div class=\"img-holder\">\n                            <div class=\"inner\">\n                                <img loading=\"lazy\" decoding=\"async\" width=\"270\" height=\"350\" src=\"http:\/\/elazigtso.com\/tr\/wp-content\/uploads\/2023\/07\/ahmetfetiyilmaz.jpg\" class=\"attachment-finbank_270x350 size-finbank_270x350 wp-post-image\" alt=\"\" srcset=\"http:\/\/elazigtso.com\/tr\/wp-content\/uploads\/2023\/07\/ahmetfetiyilmaz.jpg 270w, http:\/\/elazigtso.com\/tr\/wp-content\/uploads\/2023\/07\/ahmetfetiyilmaz-231x300.jpg 231w\" sizes=\"auto, (max-width: 270px) 100vw, 270px\" \/>                                <div class=\"share-button\">\n                                    <div class=\"icon\">\n                                        <span class=\"fas fa-plus\"><\/span>\n                                    <\/div>\n                                    \t\t\t\t\t\t\t\t\t<ul class=\"social-links\">\t\t\t\n\t\t\t\t\t\t\t\t\t\t\t\t\t\t\t\t\t\t\n\t\t\t\t\t\t\t\t\t<\/ul>\n\t\t\t\t\t\t\t\t\t                                <\/div>\n                            <\/div>\n                        <\/div>\n                        <div class=\"text-holder\">\n                            <h3><a href=\"http:\/\/elazigtso.com\/tr\/index.php\/team\/ahmet-feti-yilmaz\/\">Ahmet Feti Y\u0131lmaz<\/a><\/h3>\n                            <h5>\u00dcye<\/h5>\n                        <\/div>\n                    <\/div>\n                <\/div>\n                <!--End Single Team Style1-->\n                                <!--Start Single Team Style1-->\n                <div class=\"col-xl-3 col-lg-6 col-md-6\">\n                    <div class=\"single-team-style1 wow fadeInUp\" data-wow-delay=\"100ms\" data-wow-duration=\"1500ms\">\n                        <div class=\"img-holder\">\n                            <div class=\"inner\">\n                                <img loading=\"lazy\" decoding=\"async\" width=\"270\" height=\"350\" src=\"http:\/\/elazigtso.com\/tr\/wp-content\/uploads\/2023\/07\/nurettin-parlakyildiz.jpg\" class=\"attachment-finbank_270x350 size-finbank_270x350 wp-post-image\" alt=\"\" srcset=\"http:\/\/elazigtso.com\/tr\/wp-content\/uploads\/2023\/07\/nurettin-parlakyildiz.jpg 270w, http:\/\/elazigtso.com\/tr\/wp-content\/uploads\/2023\/07\/nurettin-parlakyildiz-231x300.jpg 231w\" sizes=\"auto, (max-width: 270px) 100vw, 270px\" \/>                                <div class=\"share-button\">\n                                    <div class=\"icon\">\n                                        <span class=\"fas fa-plus\"><\/span>\n                                    <\/div>\n                                    \t\t\t\t\t\t\t\t\t<ul class=\"social-links\">\t\t\t\n\t\t\t\t\t\t\t\t\t\t\t\t\t\t\t\t\t\t\n\t\t\t\t\t\t\t\t\t<\/ul>\n\t\t\t\t\t\t\t\t\t                                <\/div>\n                            <\/div>\n                        <\/div>\n                        <div class=\"text-holder\">\n                            <h3><a href=\"http:\/\/elazigtso.com\/tr\/index.php\/team\/nurettin-parlakyildiz\/\">Nurettin Parlaky\u0131ld\u0131z<\/a><\/h3>\n                            <h5>\u00dcye<\/h5>\n                        <\/div>\n                    <\/div>\n                <\/div>\n                <!--End Single Team Style1-->\n                                <!--Start Single Team Style1-->\n                <div class=\"col-xl-3 col-lg-6 col-md-6\">\n                    <div class=\"single-team-style1 wow fadeInUp\" data-wow-delay=\"100ms\" data-wow-duration=\"1500ms\">\n                        <div class=\"img-holder\">\n                            <div class=\"inner\">\n                                <img loading=\"lazy\" decoding=\"async\" width=\"270\" height=\"350\" src=\"http:\/\/elazigtso.com\/tr\/wp-content\/uploads\/2023\/07\/sait-ugur-koseli.jpg\" class=\"attachment-finbank_270x350 size-finbank_270x350 wp-post-image\" alt=\"\" srcset=\"http:\/\/elazigtso.com\/tr\/wp-content\/uploads\/2023\/07\/sait-ugur-koseli.jpg 270w, http:\/\/elazigtso.com\/tr\/wp-content\/uploads\/2023\/07\/sait-ugur-koseli-231x300.jpg 231w\" sizes=\"auto, (max-width: 270px) 100vw, 270px\" \/>                                <div class=\"share-button\">\n                                    <div class=\"icon\">\n                                        <span class=\"fas fa-plus\"><\/span>\n                                    <\/div>\n                                    \t\t\t\t\t\t\t\t\t<ul class=\"social-links\">\t\t\t\n\t\t\t\t\t\t\t\t\t\t\t\t\t\t\t\t\t\t\n\t\t\t\t\t\t\t\t\t<\/ul>\n\t\t\t\t\t\t\t\t\t                                <\/div>\n                            <\/div>\n                        <\/div>\n                        <div class=\"text-holder\">\n                            <h3><a href=\"http:\/\/elazigtso.com\/tr\/index.php\/team\/sait-ugur-koseli\/\">Sait U\u011fur K\u00f6seli<\/a><\/h3>\n                            <h5>\u00dcye<\/h5>\n                        <\/div>\n                    <\/div>\n                <\/div>\n                <!--End Single Team Style1-->\n                                <!--Start Single Team Style1-->\n                <div class=\"col-xl-3 col-lg-6 col-md-6\">\n                    <div class=\"single-team-style1 wow fadeInUp\" data-wow-delay=\"100ms\" data-wow-duration=\"1500ms\">\n                        <div class=\"img-holder\">\n                            <div class=\"inner\">\n                                <img loading=\"lazy\" decoding=\"async\" width=\"270\" height=\"350\" src=\"http:\/\/elazigtso.com\/tr\/wp-content\/uploads\/2023\/07\/ali-duruksu.jpg\" class=\"attachment-finbank_270x350 size-finbank_270x350 wp-post-image\" alt=\"\" srcset=\"http:\/\/elazigtso.com\/tr\/wp-content\/uploads\/2023\/07\/ali-duruksu.jpg 270w, http:\/\/elazigtso.com\/tr\/wp-content\/uploads\/2023\/07\/ali-duruksu-231x300.jpg 231w\" sizes=\"auto, (max-width: 270px) 100vw, 270px\" \/>                                <div class=\"share-button\">\n                                    <div class=\"icon\">\n                                        <span class=\"fas fa-plus\"><\/span>\n                                    <\/div>\n                                    \t\t\t\t\t\t\t\t\t<ul class=\"social-links\">\t\t\t\n\t\t\t\t\t\t\t\t\t\t\t\t\t\t\t\t\t\t\n\t\t\t\t\t\t\t\t\t<\/ul>\n\t\t\t\t\t\t\t\t\t                                <\/div>\n                            <\/div>\n                        <\/div>\n                        <div class=\"text-holder\">\n                            <h3><a href=\"http:\/\/elazigtso.com\/tr\/index.php\/team\/ali-duruksu\/\">Ali Duruksu<\/a><\/h3>\n                            <h5>\u00dcye<\/h5>\n                        <\/div>\n                    <\/div>\n                <\/div>\n                <!--End Single Team Style1-->\n                                <!--Start Single Team Style1-->\n                <div class=\"col-xl-3 col-lg-6 col-md-6\">\n                    <div class=\"single-team-style1 wow fadeInUp\" data-wow-delay=\"100ms\" data-wow-duration=\"1500ms\">\n                        <div class=\"img-holder\">\n                            <div class=\"inner\">\n                                <img loading=\"lazy\" decoding=\"async\" width=\"270\" height=\"350\" src=\"http:\/\/elazigtso.com\/tr\/wp-content\/uploads\/2023\/07\/izzettin-karabulut.jpg\" class=\"attachment-finbank_270x350 size-finbank_270x350 wp-post-image\" alt=\"\" srcset=\"http:\/\/elazigtso.com\/tr\/wp-content\/uploads\/2023\/07\/izzettin-karabulut.jpg 270w, http:\/\/elazigtso.com\/tr\/wp-content\/uploads\/2023\/07\/izzettin-karabulut-231x300.jpg 231w\" sizes=\"auto, (max-width: 270px) 100vw, 270px\" \/>                                <div class=\"share-button\">\n                                    <div class=\"icon\">\n                                        <span class=\"fas fa-plus\"><\/span>\n                                    <\/div>\n                                    \t\t\t\t\t\t\t\t\t<ul class=\"social-links\">\t\t\t\n\t\t\t\t\t\t\t\t\t\t\t\t\t\t\t\t\t\t\n\t\t\t\t\t\t\t\t\t<\/ul>\n\t\t\t\t\t\t\t\t\t                                <\/div>\n                            <\/div>\n                        <\/div>\n                        <div class=\"text-holder\">\n                            <h3><a href=\"http:\/\/elazigtso.com\/tr\/index.php\/team\/izzettin-karabulut\/\">\u0130zzettin Karabulut<\/a><\/h3>\n                            <h5>\u00dcye<\/h5>\n                        <\/div>\n                    <\/div>\n                <\/div>\n                <!--End Single Team Style1-->\n                            <\/div>\n        <\/div>\n    <\/section>\n    <!--End Team Style1 Area-->\n              \t\n\t\t\t\t<\/div>\n\t\t\t\t<\/div>\n\t\t\t\t\t<\/div>\n\t\t<\/div>\n\t\t\t\t\t\t\t<\/div>\n\t\t<\/section>\n\t\t\t\t\t\t\t<\/div>\n\t\t","protected":false},"excerpt":{"rendered":"<p>Y\u00f6netim Kurulu Elaz\u0131\u011f Ticaret ve Sanayi Odas\u0131 Y\u00f6netim Kurulu G\u00fcrkan Talo Ba\u015fkan Vekili \u0130dris Alan Y\u00f6netim Kurulu Ba\u015fkan\u0131 Engin Karata\u015f Ba\u015fkan Yard\u0131mc\u0131s\u0131 Nurullah Y\u0131ld\u0131z Sayman \u00dcye Mustafa Balo\u011fullar\u0131 \u00dcye Sinan Perdeci \u00dcye Ahmet Feti Y\u0131lmaz \u00dcye Nurettin Parlaky\u0131ld\u0131z \u00dcye Sait U\u011fur K\u00f6seli \u00dcye Ali Duruksu \u00dcye \u0130zzettin Karabulut \u00dcye<\/p>\n","protected":false},"author":1,"featured_media":0,"parent":0,"menu_order":0,"comment_status":"closed","ping_status":"closed","template":"tpl-default-elementor.php","meta":{"footnotes":""},"class_list":["post-383","page","type-page","status-publish","hentry"],"_links":{"self":[{"href":"http:\/\/elazigtso.com\/tr\/index.php\/wp-json\/wp\/v2\/pages\/383","targetHints":{"allow":["GET"]}}],"collection":[{"href":"http:\/\/elazigtso.com\/tr\/index.php\/wp-json\/wp\/v2\/pages"}],"about":[{"href":"http:\/\/elazigtso.com\/tr\/index.php\/wp-json\/wp\/v2\/types\/page"}],"author":[{"embeddable":true,"href":"http:\/\/elazigtso.com\/tr\/index.php\/wp-json\/wp\/v2\/users\/1"}],"replies":[{"embeddable":true,"href":"http:\/\/elazigtso.com\/tr\/index.php\/wp-json\/wp\/v2\/comments?post=383"}],"version-history":[{"count":13,"href":"http:\/\/elazigtso.com\/tr\/index.php\/wp-json\/wp\/v2\/pages\/383\/revisions"}],"predecessor-version":[{"id":3880,"href":"http:\/\/elazigtso.com\/tr\/index.php\/wp-json\/wp\/v2\/pages\/383\/revisions\/3880"}],"wp:attachment":[{"href":"http:\/\/elazigtso.com\/tr\/index.php\/wp-json\/wp\/v2\/media?parent=383"}],"curies":[{"name":"wp","href":"https:\/\/api.w.org\/{rel}","templated":true}]}}