{"id":48,"date":"2022-09-16T07:52:01","date_gmt":"2022-09-16T07:52:01","guid":{"rendered":"https:\/\/fastwpdemo.com\/newwp\/finbank\/?page_id=48"},"modified":"2023-03-10T16:33:45","modified_gmt":"2023-03-10T13:33:45","slug":"iletisim","status":"publish","type":"page","link":"http:\/\/elazigtso.com\/tr\/index.php\/iletisim\/","title":{"rendered":"\u0130leti\u015fim"},"content":{"rendered":"\t\t<div data-elementor-type=\"wp-page\" data-elementor-id=\"48\" class=\"elementor elementor-48\">\n\t\t\t\t\t\t\t\t\t<section class=\"elementor-section elementor-top-section elementor-element elementor-element-d48ee4e elementor-section-full_width elementor-section-height-default elementor-section-height-default\" data-id=\"d48ee4e\" data-element_type=\"section\">\n\t\t\t\t\t\t<div class=\"elementor-container elementor-column-gap-default\">\n\t\t\t\t\t<div class=\"elementor-column elementor-col-100 elementor-top-column elementor-element elementor-element-bcebbf6\" data-id=\"bcebbf6\" data-element_type=\"column\">\n\t\t\t<div class=\"elementor-widget-wrap elementor-element-populated\">\n\t\t\t\t\t\t\t\t<div class=\"elementor-element elementor-element-bc19a7a elementor-widget elementor-widget-finbank_contact_us\" data-id=\"bc19a7a\" data-element_type=\"widget\" data-widget_type=\"finbank_contact_us.default\">\n\t\t\t\t<div class=\"elementor-widget-container\">\n\t\t\t\t\n    <!--Start Main Contact Form Area-->\n    <section class=\"main-contact-form-area \"  id=\"getintouch\">\n        <div class=\"container\">\n            <div class=\"row\">\n\n                <div class=\"col-xl-6\">\n                    <div class=\"contact-info-box-style1\">\n                        <div class=\"box1\"><\/div>\n                                                <div class=\"title\">\n                            <h2>Elaz\u0131\u011f Ticaret ve Sanayi Odas\u0131  \u0130leti\u015fim  Kanallar\u0131<\/h2>                            <p>Odam\u0131za  ula\u015fmak i\u00e7in a\u015fa\u011f\u0131daki ileti\u015fim kanallar\u0131n\u0131 kullanabilirsiniz.<\/p>                        <\/div>\n\t\t\t\t\t\t                        <ul class=\"contact-info-1\">\n                                                        <li>\n                                                                <div class=\"icon\">\n                                    <span class=\"icon- icon-map\"><\/span>\n                                <\/div>\n                                                                <div class=\"text\">\n                                    <p>Elaz\u0131\u011f Ticaret ve Sanayi Odas\u0131<\/p>\n                                                                        <h3>Cumhuriyet Mah. Korgeneral Hulusi Say\u0131n Cad. No:117 \/Elaz\u0131\u011f<\/h3>\n                                                                    <\/div>\n                            <\/li>\n                                                        <li>\n                                                                <div class=\"icon\">\n                                    <span class=\"icon- icon-clock\"><\/span>\n                                <\/div>\n                                                                <div class=\"text\">\n                                    <p>\u00c7al\u0131\u015fma Saatleri<\/p>\n                                                                        <h3>Pazartesi - Cuma 08.00 - 17.00<\/h3>\n                                    <span>[2nd Sat Holiday]<\/span>\n                                                                    <\/div>\n                            <\/li>\n                                                        <li>\n                                                                <div class=\"icon\">\n                                    <span class=\"icon- icon-phone\"><\/span>\n                                <\/div>\n                                                                <div class=\"text\">\n                                    <p>\u0130leti\u015fim<\/p>\n                                                                        <h3><a href=\"tel:444 35 94 - 0 (424) 218 35 00\">444 35 94 - 0 (424) 218 35 00<\/a><\/h3>\n                                    <h3><a href=\"mailto:elazigtso@elazigtso.org.tr\">elazigtso@elazigtso.org.tr<\/a><\/h3>\n                                                                    <\/div>\n                            <\/li>\n                                                    <\/ul>\n\n                        <div class=\"bottom-box\">\n                                                        <div class=\"btn-box\">\n                                <a href=\"\/\"><i class=\"fas fa-arrow-down\"><\/i> Elaz\u0131\u011f TSO<\/a>\n                            <\/div>\n                                                        <div class=\"footer-social-link-style1\">\n                                <ul class=\"clearfix\">\n                                                                        <li>\n                                        <a href=\"http:\/\/www.facebook.com\/elzTSO\">\n                                            <i class=\"fab fa-facebook-f\"><\/i>\n                                        <\/a>\n                                    <\/li>\n                                                                        <li>\n                                        <a href=\"https:\/\/www.youtube.com\/channel\/UCxGYtuNlQMmo8yPl405Px4g\">\n                                            <i class=\"fab fa-youtube\"><\/i>\n                                        <\/a>\n                                    <\/li>\n                                                                        <li>\n                                        <a href=\"http:\/\/www.twitter.com\/elazigtso\">\n                                            <i class=\"fab fa-twitter\"><\/i>\n                                        <\/a>\n                                    <\/li>\n                                                                        <li>\n                                        <a href=\"http:\/\/www.instagram.com\/elazigtso\">\n                                            <i class=\"fab fa-instagram\"><\/i>\n                                        <\/a>\n                                    <\/li>\n                                                                    <\/ul>\n                            <\/div>\n                        <\/div>\n\n                    <\/div>\n                <\/div>\n\n\t\t\t\t                <div class=\"col-xl-6\">\n                    <div class=\"contact-form\" >\n                        <div id=\"contact-form\" class=\"default-form2\">\n\t\t\t\t\t\t\t\n<div class=\"wpcf7 no-js\" id=\"wpcf7-f61-o1\" lang=\"en-US\" dir=\"ltr\">\n<div class=\"screen-reader-response\"><p role=\"status\" aria-live=\"polite\" aria-atomic=\"true\"><\/p> <ul><\/ul><\/div>\n<form action=\"\/tr\/index.php\/wp-json\/wp\/v2\/pages\/48#wpcf7-f61-o1\" method=\"post\" class=\"wpcf7-form init\" aria-label=\"Contact form\" novalidate=\"novalidate\" data-status=\"init\">\n<div style=\"display: none;\">\n<input type=\"hidden\" name=\"_wpcf7\" value=\"61\" \/>\n<input type=\"hidden\" name=\"_wpcf7_version\" value=\"5.8.2\" \/>\n<input type=\"hidden\" name=\"_wpcf7_locale\" value=\"en_US\" \/>\n<input type=\"hidden\" name=\"_wpcf7_unit_tag\" value=\"wpcf7-f61-o1\" \/>\n<input type=\"hidden\" name=\"_wpcf7_container_post\" value=\"0\" \/>\n<input type=\"hidden\" name=\"_wpcf7_posted_data_hash\" value=\"\" \/>\n<\/div>\n<div class=\"form-group\">\n\t<p><label>Ad\u0131n\u0131z<\/label>\n\t<\/p>\n\t<div class=\"input-box\">\n\t\t<p><span class=\"wpcf7-form-control-wrap\" data-name=\"text-682\"><input size=\"40\" class=\"wpcf7-form-control wpcf7-text wpcf7-validates-as-required\" id=\"formName\" aria-required=\"true\" aria-invalid=\"false\" placeholder=\"Ad Soyad\" value=\"\" type=\"text\" name=\"text-682\" \/><\/span>\n\t\t<\/p>\n\t<\/div>\n<\/div>\n<div class=\"form-group\">\n\t<p><label>E-mail Adresiniz<\/label>\n\t<\/p>\n\t<div class=\"input-box\">\n\t\t<p><span class=\"wpcf7-form-control-wrap\" data-name=\"email-23\"><input size=\"40\" class=\"wpcf7-form-control wpcf7-email wpcf7-validates-as-required wpcf7-text wpcf7-validates-as-email\" id=\"formEmail\" aria-required=\"true\" aria-invalid=\"false\" placeholder=\"\" value=\"\" type=\"email\" name=\"email-23\" \/><\/span>\n\t\t<\/p>\n\t<\/div>\n<\/div>\n<div class=\"form-group\">\n\t<p><label>Telefon<\/label>\n\t<\/p>\n\t<div class=\"input-box\">\n\t\t<p><span class=\"wpcf7-form-control-wrap\" data-name=\"text-683\"><input size=\"40\" class=\"wpcf7-form-control wpcf7-text wpcf7-validates-as-required\" id=\"formPhone\" aria-required=\"true\" aria-invalid=\"false\" placeholder=\"\" value=\"\" type=\"text\" name=\"text-683\" \/><\/span>\n\t\t<\/p>\n\t<\/div>\n<\/div>\n<div class=\"form-group\">\n\t<p><label>Konu<\/label>\n\t<\/p>\n\t<div class=\"input-box\">\n\t\t<p><span class=\"wpcf7-form-control-wrap\" data-name=\"text-684\"><input size=\"40\" class=\"wpcf7-form-control wpcf7-text wpcf7-validates-as-required\" id=\"formSubject\" aria-required=\"true\" aria-invalid=\"false\" placeholder=\"Konu Ba\u015fl\u0131\u011f\u0131\" value=\"\" type=\"text\" name=\"text-684\" \/><\/span>\n\t\t<\/p>\n\t<\/div>\n<\/div>\n<div class=\"form-group\">\n\t<p><label>Mesaj\u0131n\u0131z<\/label>\n\t<\/p>\n\t<div class=\"input-box\">\n\t\t<p><span class=\"wpcf7-form-control-wrap\" data-name=\"textarea-17\"><textarea cols=\"40\" rows=\"10\" class=\"wpcf7-form-control wpcf7-textarea wpcf7-validates-as-required\" id=\"formMessage\" aria-required=\"true\" aria-invalid=\"false\" placeholder=\"\" name=\"textarea-17\"><\/textarea><\/span>\n\t\t<\/p>\n\t<\/div>\n<\/div>\n<div class=\"button-box\">\n\t<p><input id=\"form_botcheck\" name=\"form_botcheck\" class=\"form-control\" type=\"hidden\" value=\"\" \/><button class=\"btn-one\" type=\"submit\" data-loading-text=\"Please wait...\"><span class=\"txt\">G\u00f6nder<\/span><\/button>\n\t<\/p>\n<\/div><div class=\"wpcf7-response-output\" aria-hidden=\"true\"><\/div>\n<\/form>\n<\/div>\n                        <\/div>\n                    <\/div>\n                <\/div>\n\t\t\t\t            <\/div>\n        <\/div>\n    <\/section>\n    <!--End Main Contact Form Area-->\n                         \n        \t\t<\/div>\n\t\t\t\t<\/div>\n\t\t\t\t\t<\/div>\n\t\t<\/div>\n\t\t\t\t\t\t\t<\/div>\n\t\t<\/section>\n\t\t\t\t<section class=\"elementor-section elementor-top-section elementor-element elementor-element-734eba7 elementor-section-full_width elementor-section-height-default elementor-section-height-default\" data-id=\"734eba7\" data-element_type=\"section\">\n\t\t\t\t\t\t<div class=\"elementor-container elementor-column-gap-default\">\n\t\t\t\t\t<div class=\"elementor-column elementor-col-100 elementor-top-column elementor-element elementor-element-47dbab8\" data-id=\"47dbab8\" data-element_type=\"column\">\n\t\t\t<div class=\"elementor-widget-wrap elementor-element-populated\">\n\t\t\t\t\t\t\t\t<div class=\"elementor-element elementor-element-dcc4ce0 elementor-widget elementor-widget-finbank_branch_location\" data-id=\"dcc4ce0\" data-element_type=\"widget\" data-widget_type=\"finbank_branch_location.default\">\n\t\t\t\t<div class=\"elementor-widget-container\">\n\t\t\t\t\n    <!--Google Map Start-->\n    <section class=\"google-map\">\n        \t\t<iframe src=\"https:\/\/www.google.com\/maps\/embed?pb=!1m14!1m8!1m3!1d12459.55182002281!2d39.167594!3d38.674443!3m2!1i1024!2i768!4f13.1!3m3!1m2!1s0x4076c0885d682ff9%3A0x4407e31c0001566a!2zRWxhesSxxJ8gVGljYXJldCBWZSBTYW5heWkgT2Rhc8Sx!5e0!3m2!1str!2str!4v1678454575596!5m2!1str!2str\" width=\"600\" height=\"700\" style=\"border:0;\" allowfullscreen=\"\" loading=\"lazy\" referrerpolicy=\"no-referrer-when-downgrade\"><\/iframe>\t\t        <div class=\"google-map-content-box\">\n            <div class=\"branch-atm-tab\">\n                <!--Start Branch Atm Tab Buttom-->\n                <div class=\"branch-atm-tab__button\">\n                    <ul class=\"tabs-button-box\">\n                                                <li data-tab=\"#branch1\" class=\"tab-btn-item active-btn-item\">\n                            <h5>Elaz\u0131\u011f TSO<\/h5>\n                        <\/li>\n                                            <\/ul>\n                                    <\/div>\n                <!--End Branch Atm Tab Buttom-->\n\n                <!--Start Tabs Content Box-->\n                <div class=\"tabs-content-box\">\n                                        <!--Tab-->\n                    <div class=\"tab-content-box-item tab-content-box-item-active\" id=\"branch1\">\n                        <div class=\"branch-atm-tab-content-box-item\">\n                            <div class=\"inner-title\">\n                                <h3>Elaz\u0131\u011f,<br> Ticaret ve Sanayi Odas\u0131<\/h3>\n                            <\/div>\n                            <ul>\n                                <li>\n                                    <h3>ifsc<\/h3>\n                                    <p>finbif1234<\/p>\n                                <\/li>\n                                <li>\n                                    <h3>Adres<\/h3>\n                                    <p>Cumhuriyet Mah. Korgeneral Hulusi Say\u0131n Cad. No:117 \/Elaz\u0131\u011f<\/p>\n                                <\/li>\n                                <li>\n                                    <h3>Telefon &amp; E-Posta<\/h3>\n                                    <p><a href=\"tel:444 35 94 - 0 (424) 218 35 00\">444 35 94 - 0 (424) 218 35 00<\/a><\/p>\n                                    <p><a href=\"mailto:elazigtso@elazigtso.org.tr\">elazigtso@elazigtso.org.tr<\/a><\/p>\n                                <\/li>\n                            <\/ul>\n                        <\/div>\n                    <\/div>\n\t\t\t\t\t                <\/div>\n                <!--End Tabs Content Box-->\n\n            <\/div>\n        <\/div>\n\n    <\/section>\n    <!--Google Map End-->      \n             \n        \t\t<\/div>\n\t\t\t\t<\/div>\n\t\t\t\t\t<\/div>\n\t\t<\/div>\n\t\t\t\t\t\t\t<\/div>\n\t\t<\/section>\n\t\t\t\t<section class=\"elementor-section elementor-top-section elementor-element elementor-element-f9f5f18 elementor-section-full_width elementor-section-height-default elementor-section-height-default\" data-id=\"f9f5f18\" data-element_type=\"section\">\n\t\t\t\t\t\t<div class=\"elementor-container elementor-column-gap-default\">\n\t\t\t\t\t<div class=\"elementor-column elementor-col-100 elementor-top-column elementor-element elementor-element-8bab582\" data-id=\"8bab582\" data-element_type=\"column\">\n\t\t\t<div class=\"elementor-widget-wrap elementor-element-populated\">\n\t\t\t\t\t\t\t\t<div class=\"elementor-element elementor-element-47c30cf elementor-widget elementor-widget-finbank_customer_care_center\" data-id=\"47c30cf\" data-element_type=\"widget\" data-widget_type=\"finbank_customer_care_center.default\">\n\t\t\t\t<div class=\"elementor-widget-container\">\n\t\t\t\t\n    <!--Start Customer Care Numbers Area-->\n    <section class=\"customer-care-numbers-area\">\n        <div class=\"container\">\n                        <div class=\"row\">\n                <div class=\"col-xl-12\">\n                    <div class=\"customer-care-numbers-tab\">\n\n                        <div class=\"customer-care-numbers-tab__button\">\n                            <ul class=\"tabs-button-box clearfix\">\n                                                                <li data-tab=\"#personal-banking1\" class=\"tab-btn-item active-btn-item\">\n                                    <h4>Elaz\u0131\u011f TSO<\/h4>\n                                <\/li>\n                                                            <\/ul>\n                        <\/div>\n\n                        <!--Start Tabs Content Box-->\n                        <div class=\"tabs-content-box\">\n                                                        <!--Tab-->\n                            <div class=\"tab-content-box-item tab-content-box-item-active\" id=\"personal-banking1\">\n\n                                <div class=\"customer-care-numbers-tab-content-box-item\">\n                                    <div class=\"customer-care-numbers-table-box\">\n                                        <div class=\"table-outer\">\n                                            <table class=\"customer-care-numbers-table\">\n                                                <thead class=\"header\">\n                                                    <tr>\n                                                        <th>Kay\u0131tl\u0131 E-Posta (Kep) Adresi<\/th>\n                                                        <th>Kurumsal  Whatsapp Hatt\u0131<\/th>\n                                                    <\/tr>\n                                                <\/thead>\n                                                <tbody>\n                                                    <tr>\n                                                        <td class=\"inner-title\">\n                                                            <h3>elazigtso@hs01.kep.tr<\/h3>                                                        <\/td>\n                                                        <td class=\"contact-info\">\n                                                            <ul>\n                                                                                                                                <li>\n                                                                    <a href=\"tel:0(530) 781 2174\">0(530) 781 2174<\/a>\n                                                                    <span>(Sadece WhatsApp)<\/span>\n                                                                <\/li>\n                                                                                                                                                                                            <\/ul>\n                                                        <\/td>\n                                                    <\/tr>\n                                                    <tr>                                                    \t\n                                                        <td class=\"inner-title\">\n                                                                                                                    <\/td>                                                        \n                                                        <td class=\"contact-info\">\n                                                            <ul>\n                                                                                                                                                                                            <\/ul>\n                                                        <\/td>\n                                                    <\/tr>\n                                                <\/tbody>\n                                            <\/table>\n                                        <\/div>\n\t\t\t\t\t\t\t\t\t\t                                    <\/div>\n                                <\/div>\n\n                            <\/div>\n                                                    <\/div>\n\n                    <\/div>\n                <\/div>\n            <\/div>\n        <\/div>\n    <\/section>\n    <!--End Customer Care Numbers Area-->  \n             \n        \t\t<\/div>\n\t\t\t\t<\/div>\n\t\t\t\t\t<\/div>\n\t\t<\/div>\n\t\t\t\t\t\t\t<\/div>\n\t\t<\/section>\n\t\t\t\t\t\t\t<\/div>\n\t\t","protected":false},"excerpt":{"rendered":"<p>Elaz\u0131\u011f Ticaret ve Sanayi Odas\u0131 \u0130leti\u015fim Kanallar\u0131 Odam\u0131za ula\u015fmak i\u00e7in a\u015fa\u011f\u0131daki ileti\u015fim kanallar\u0131n\u0131 kullanabilirsiniz. Elaz\u0131\u011f Ticaret ve Sanayi Odas\u0131 Cumhuriyet Mah. Korgeneral Hulusi Say\u0131n Cad. No:117 \/Elaz\u0131\u011f \u00c7al\u0131\u015fma Saatleri Pazartesi &#8211; Cuma 08.00 &#8211; 17.00 [2nd Sat Holiday] \u0130leti\u015fim 444 35 94 &#8211; 0 (424) 218 35 00 elazigtso@elazigtso.org.tr Elaz\u0131\u011f TSO Ad\u0131n\u0131z E-mail Adresiniz Telefon [&hellip;]<\/p>\n","protected":false},"author":1,"featured_media":0,"parent":0,"menu_order":0,"comment_status":"closed","ping_status":"closed","template":"","meta":{"footnotes":""},"class_list":["post-48","page","type-page","status-publish","hentry"],"_links":{"self":[{"href":"http:\/\/elazigtso.com\/tr\/index.php\/wp-json\/wp\/v2\/pages\/48","targetHints":{"allow":["GET"]}}],"collection":[{"href":"http:\/\/elazigtso.com\/tr\/index.php\/wp-json\/wp\/v2\/pages"}],"about":[{"href":"http:\/\/elazigtso.com\/tr\/index.php\/wp-json\/wp\/v2\/types\/page"}],"author":[{"embeddable":true,"href":"http:\/\/elazigtso.com\/tr\/index.php\/wp-json\/wp\/v2\/users\/1"}],"replies":[{"embeddable":true,"href":"http:\/\/elazigtso.com\/tr\/index.php\/wp-json\/wp\/v2\/comments?post=48"}],"version-history":[{"count":15,"href":"http:\/\/elazigtso.com\/tr\/index.php\/wp-json\/wp\/v2\/pages\/48\/revisions"}],"predecessor-version":[{"id":1933,"href":"http:\/\/elazigtso.com\/tr\/index.php\/wp-json\/wp\/v2\/pages\/48\/revisions\/1933"}],"wp:attachment":[{"href":"http:\/\/elazigtso.com\/tr\/index.php\/wp-json\/wp\/v2\/media?parent=48"}],"curies":[{"name":"wp","href":"https:\/\/api.w.org\/{rel}","templated":true}]}}