{"id":5484,"date":"2023-07-27T15:59:09","date_gmt":"2023-07-27T12:59:09","guid":{"rendered":"http:\/\/elazigtso.com\/tr\/?page_id=5484"},"modified":"2023-07-27T16:11:28","modified_gmt":"2023-07-27T13:11:28","slug":"lojistik-ussu-projesi","status":"publish","type":"page","link":"http:\/\/elazigtso.com\/tr\/index.php\/lojistik-ussu-projesi\/","title":{"rendered":"Lojistik \u00dcss\u00fc Projesi"},"content":{"rendered":"\t\t<div data-elementor-type=\"wp-page\" data-elementor-id=\"5484\" class=\"elementor elementor-5484\">\n\t\t\t\t\t\t\t\t\t<section class=\"elementor-section elementor-top-section elementor-element elementor-element-13220cf elementor-section-full_width elementor-section-height-default elementor-section-height-default\" data-id=\"13220cf\" data-element_type=\"section\">\n\t\t\t\t\t\t<div class=\"elementor-container elementor-column-gap-default\">\n\t\t\t\t\t<div class=\"elementor-column elementor-col-100 elementor-top-column elementor-element elementor-element-3f6ad42\" data-id=\"3f6ad42\" data-element_type=\"column\">\n\t\t\t<div class=\"elementor-widget-wrap elementor-element-populated\">\n\t\t\t\t\t\t\t\t<div class=\"elementor-element elementor-element-1c97706 elementor-widget elementor-widget-finbank_emergency_service_v3\" data-id=\"1c97706\" data-element_type=\"widget\" data-widget_type=\"finbank_emergency_service_v3.default\">\n\t\t\t\t<div class=\"elementor-widget-container\">\n\t\t\t\t\n    <!--Start Service Request Style2 Area-->\n    <section class=\"service-request-style2-area\">\n        <div class=\"container\">\n            <div class=\"row\">\n\t\t\t\t                <div class=\"col-xl-6\">\n                    <div class=\"service-request-style2-img-box\">\n                        <div class=\"service-request-style2-img-box__inner\">\n                            <img decoding=\"async\" src=\"http:\/\/elazigtso.com\/tr\/wp-content\/uploads\/2023\/07\/baskan-1.jpg\" alt=\"Awesome Image\">\n                        <\/div>\n                    <\/div>\n                <\/div>\n\t\t\t\t                <div class=\"col-xl-6\">\n                    <div class=\"service-request-style2-content-box\">\n                                                <div class=\"pattern-bottom\" style=\"background-image: url(http:\/\/elazigtso.com\/tr\/wp-content\/uploads\/2022\/09\/service-request-style2-content-box-pattern.png);\"><\/div>\n                                                                        <div class=\"sec-title\">\n\t\t\t\t\t\t\t<h2>Lojistik \u00dcss\u00fc Projesi<\/h2>                                                        <div class=\"sub-title\">\n                                <p><p style='margin-top:0cm;margin-right:0cm;margin-bottom:8.0pt;margin-left:0cm;font-size:11.0pt;font-family:\"Calibri\",sans-serif'>El&acirc;z\u0131\u011f Ticaret ve Sanayi Odas\u0131 olarak, 2022-2026 hizmet d&ouml;nemimizde s&ouml;z verdi\u011fimiz gibi ilimizin ekonomisine can suyu verecek, \u015fehrimizin ticari hayat\u0131n\u0131 canland\u0131rmaya ve &uuml;yelerimize katma de\u011fer sa\u011flayacak projeleri hayata ge&ccedil;irmeye devam ediyoruz.<\/p>\n<p style='margin-top:0cm;margin-right:0cm;margin-bottom:8.0pt;margin-left:0cm;font-size:11.0pt;font-family:\"Calibri\",sans-serif'>Bilindi\u011fi &uuml;zere; &Ccedil;a\u011f\u0131m\u0131zda k&uuml;resel rekabet ortam\u0131nda ekonomilerin ba\u015far\u0131l\u0131 olmalar\u0131n\u0131n &ouml;n ko\u015fulu, iyile\u015ftirilmi\u015f altyap\u0131ya sahip ve merkezile\u015ftirilmi\u015f lojistik hizmetlerinin sa\u011flanabilmi\u015f olmas\u0131na dayan\u0131r. El&acirc;z\u0131\u011f&apos;\u0131m\u0131z gibi, co\u011frafi konum itibar\u0131 ile lojistik koridorlar\u0131nda merkezi bir lokasyonda yer alan \u015fehirler, do\u011fal &uuml;s konumundad\u0131r. Bu nedenle ilimiz y&ouml;neticilerinin, \u015fehrimizin kalk\u0131nmas\u0131 i&ccedil;in kaynaklar\u0131n\u0131 do\u011fru analiz etmesi ve yat\u0131r\u0131mlar\u0131n da do\u011fru alanlara kanalize edilmesi b&uuml;y&uuml;k &ouml;nem ta\u015f\u0131maktad\u0131r. &nbsp;<\/p>\n<p style='margin-top:0cm;margin-right:0cm;margin-bottom:8.0pt;margin-left:0cm;font-size:11.0pt;font-family:\"Calibri\",sans-serif'>Bu ba\u011flamda, \u015fehrimiz i&ccedil;in &nbsp; mahiyeti itibariyle &ouml;nem derecesi en b&uuml;y&uuml;k projelerimizden biri olarak g&ouml;rd&uuml;\u011f&uuml;m&uuml;z Lojistik &Uuml;ss&uuml; projemiz hususunda, b&uuml;t&uuml;n payda\u015flar\u0131n i&ccedil;inde bulundu\u011fu bir yap\u0131n\u0131n olu\u015fturulmas\u0131 ve bu yap\u0131n\u0131n &uuml;lkemizin 2023 hedeflerini g&ouml;zeterek master planlar haz\u0131rlamas\u0131n\u0131n, Elaz\u0131\u011f&rsquo;da lojisti\u011fin geli\u015fmesi ve ilimiz ekonomisinin g&uuml;n&uuml;m&uuml;z rekabet ko\u015fullar\u0131nda etkin bir g&uuml;ce sahip olmas\u0131 i&ccedil;in en &ouml;nemli ad\u0131m oldu\u011funu d&uuml;\u015f&uuml;n&uuml;yoruz.<\/p>\n<p style='margin-top:0cm;margin-right:0cm;margin-bottom:8.0pt;margin-left:0cm;font-size:11.0pt;font-family:\"Calibri\",sans-serif'>Co\u011frafi konumu itibar\u0131 ile do\u011fal lojistik &uuml;ss&uuml; olan Elaz\u0131\u011f&rsquo;\u0131m\u0131z\u0131n ortak akl\u0131 ile ger&ccedil;ekle\u015ftirilecek bu projenin, ilimizde modern lojistik uygulamalar\u0131n\u0131n fark\u0131ndal\u0131\u011f\u0131n\u0131n art\u0131r\u0131larak, lojisti\u011fin geli\u015fimini sa\u011flayaca\u011f\u0131na ve ilimize yeni katma de\u011ferler sunaca\u011f\u0131na inan\u0131yoruz.<\/p>\n<p style='margin-top:0cm;margin-right:0cm;margin-bottom:8.0pt;margin-left:0cm;font-size:11.0pt;font-family:\"Calibri\",sans-serif'><strong><span style=\"font-size:16px;line-height:107%\">\u0130dris Alan<\/span><\/strong><\/p>\n<p style='margin-top:0cm;margin-right:0cm;margin-bottom:8.0pt;margin-left:0cm;font-size:11.0pt;font-family:\"Calibri\",sans-serif'><strong><span style=\"font-size:16px;line-height:107%\">Elaz\u0131\u011f Ticaret ve Sanayi Odas\u0131 Y&ouml;netim Kurulu Ba\u015fkan\u0131<\/span><\/strong><\/p><\/p>\n                            <\/div>\n                                                    <\/div>\n                                                <div class=\"service-request-style2-content-box__inner\">\n                            <ul>\n                                                                <li>\n                                    <div class=\"single-service-request-style2-box\">\n                                        <div class=\"icon\">\n                                            <span class=\"\"><\/span>\n                                        <\/div>\n                                                                            <\/div>\n                                <\/li>\n                                                            <\/ul>\n                                                    <\/div>\n\n                    <\/div>\n                <\/div>\n\n            <\/div>\n        <\/div>\n    <\/section>\n    <!--End Service Request Style2 Area-->\n             \n        \t\t<\/div>\n\t\t\t\t<\/div>\n\t\t\t\t\t<\/div>\n\t\t<\/div>\n\t\t\t\t\t\t\t<\/div>\n\t\t<\/section>\n\t\t\t\t\t\t\t<\/div>\n\t\t","protected":false},"excerpt":{"rendered":"<p>Lojistik \u00dcss\u00fc Projesi El&acirc;z\u0131\u011f Ticaret ve Sanayi Odas\u0131 olarak, 2022-2026 hizmet d&ouml;nemimizde s&ouml;z verdi\u011fimiz gibi ilimizin ekonomisine can suyu verecek, \u015fehrimizin ticari hayat\u0131n\u0131 canland\u0131rmaya ve &uuml;yelerimize katma de\u011fer sa\u011flayacak projeleri hayata ge&ccedil;irmeye devam ediyoruz. Bilindi\u011fi &uuml;zere; &Ccedil;a\u011f\u0131m\u0131zda k&uuml;resel rekabet ortam\u0131nda ekonomilerin ba\u015far\u0131l\u0131 olmalar\u0131n\u0131n &ouml;n ko\u015fulu, iyile\u015ftirilmi\u015f altyap\u0131ya sahip ve merkezile\u015ftirilmi\u015f lojistik hizmetlerinin sa\u011flanabilmi\u015f olmas\u0131na dayan\u0131r. [&hellip;]<\/p>\n","protected":false},"author":1,"featured_media":0,"parent":0,"menu_order":0,"comment_status":"closed","ping_status":"closed","template":"tpl-default-elementor.php","meta":{"footnotes":""},"class_list":["post-5484","page","type-page","status-publish","hentry"],"_links":{"self":[{"href":"http:\/\/elazigtso.com\/tr\/index.php\/wp-json\/wp\/v2\/pages\/5484","targetHints":{"allow":["GET"]}}],"collection":[{"href":"http:\/\/elazigtso.com\/tr\/index.php\/wp-json\/wp\/v2\/pages"}],"about":[{"href":"http:\/\/elazigtso.com\/tr\/index.php\/wp-json\/wp\/v2\/types\/page"}],"author":[{"embeddable":true,"href":"http:\/\/elazigtso.com\/tr\/index.php\/wp-json\/wp\/v2\/users\/1"}],"replies":[{"embeddable":true,"href":"http:\/\/elazigtso.com\/tr\/index.php\/wp-json\/wp\/v2\/comments?post=5484"}],"version-history":[{"count":7,"href":"http:\/\/elazigtso.com\/tr\/index.php\/wp-json\/wp\/v2\/pages\/5484\/revisions"}],"predecessor-version":[{"id":5517,"href":"http:\/\/elazigtso.com\/tr\/index.php\/wp-json\/wp\/v2\/pages\/5484\/revisions\/5517"}],"wp:attachment":[{"href":"http:\/\/elazigtso.com\/tr\/index.php\/wp-json\/wp\/v2\/media?parent=5484"}],"curies":[{"name":"wp","href":"https:\/\/api.w.org\/{rel}","templated":true}]}}